
{"id":6305,"date":"2022-08-18T09:54:14","date_gmt":"2022-08-18T08:54:14","guid":{"rendered":"https:\/\/www.agadir-oufella.ma\/?page_id=6305"},"modified":"2023-11-27T17:58:35","modified_gmt":"2023-11-27T16:58:35","slug":"%d8%a7%d9%84%d8%ab%d8%b1%d9%88%d8%a9-%d8%a7%d9%84%d8%ad%d9%8a%d9%88%d8%a7%d9%86%d9%8a%d8%a9-%d9%88-%d8%a7%d9%84%d9%86%d8%a8%d8%a7%d8%aa%d9%8a%d8%a9","status":"publish","type":"page","link":"https:\/\/www.agadir-oufella.ma\/ar\/%d8%a7%d9%84%d8%ab%d8%b1%d9%88%d8%a9-%d8%a7%d9%84%d8%ad%d9%8a%d9%88%d8%a7%d9%86%d9%8a%d8%a9-%d9%88-%d8%a7%d9%84%d9%86%d8%a8%d8%a7%d8%aa%d9%8a%d8%a9\/","title":{"rendered":"\u0627\u0644\u062b\u0631\u0648\u0629 \u0627\u0644\u062d\u064a\u0648\u0627\u0646\u064a\u0629 \u0648 \u0627\u0644\u0646\u0628\u0627\u062a\u064a\u0629"},"content":{"rendered":"<section class=\"topbar\">\n    <picture>\n                  <img loading=\"lazy\" decoding=\"async\" src=\"https:\/\/www.agadir-oufella.ma\/wp-content\/uploads\/2022\/07\/topbar.jpg\" alt=\"Kasbah d'Agadir Oufella\" width=\"1920\" height=\"297\" \/>\n            <\/picture>\n<\/section>\n<ol class=\"breadcrumb\" itemscope itemtype=\"http:\/\/schema.org\/BreadcrumbList\"><li itemprop=\"itemListElement\" itemscope itemtype=\"http:\/\/schema.org\/ListItem\"><a itemprop=\"item\" href=\"https:\/\/www.agadir-oufella.ma\/ar\/\">\u0627\u0644\u0631\u0626\u064a\u0633\u0629<span itemprop='name'>  <\/span><\/a><span itemprop='position' content='1'>&gt;<\/span><\/li><\/ol>\n\n<section class=\"intro\" data-aos=\"fade-up\">\n        <h1> \u0627\u0644\u062b\u0631\u0648\u0629 \u0627\u0644\u062d\u064a\u0648\u0627\u0646\u064a\u0629 \u0648 \u0627\u0644\u0646\u0628\u0627\u062a\u064a\u0629 <\/h1>\n        <div >\n        <p>\u0643\u0627\u0646 \u0627\u0644\u0645\u0648\u0642\u0639 \u0627\u0644\u0645\u062d\u0645\u064a \u0636\u0645\u0646 \u0627\u0644\u0645\u062d\u064a\u0637 \u0627\u0644\u0645\u0635\u0646\u0641 \u0628\u0645\u0648\u062c\u0628 \u0627\u0644\u0642\u0631\u0627\u0631 \u0627\u0644\u0648\u0632\u0627\u0631\u064a \u0627\u0644\u0635\u0627\u062f\u0631 \u0641\u064a 31 \u062f\u064a\u0633\u0645\u0628\u0631 1942\/23 \u0630\u0648 \u0627\u0644\u062d\u062c\u0629 1361 (\u0627\u0644\u062c\u0631\u064a\u062f\u0629 \u0627\u0644\u0631\u0633\u0645\u064a\u0629 \u0631\u0642\u0645 1543 \u0628\u062a\u0627\u0631\u064a\u062e 26 \u0641\u0628\u0631\u0627\u064a\u0631 1943) \u0648\u0638\u0647\u064a\u0631 23 \u0645\u0627\u0631\u0633 1944 (27 \u0631\u0628\u064a\u0639 \u0627\u0644\u0623\u0648\u0644 1363) \u0627\u0644\u0645\u0646\u0634\u0648\u0631 \u0628\u0627\u0644\u062c\u0631\u064a\u062f\u0629 \u0627\u0644\u0631\u0633\u0645\u064a\u0629 28 \u0623\u0628\u0631\u064a\u0644 1944.<\/p>\n    <\/div>\n<\/section>\n\n\n\n\n<div style=\"height:30px\" aria-hidden=\"true\" class=\"wp-block-spacer\"><\/div>\n\n\n<section class=\"restauration\">\n  <div class=\"wrapper\">\n\n          <h2 class=\"title\">\u0645\u0646 \u0645\u0646\u0637\u0642\u0629 \u062d\u0645\u0627\u064a\u0629 \u0627\u0644\u0628\u0646\u0627\u0621 (1929\u06401932) \u0625\u0644\u0649 \u0627\u0644\u0637\u0628\u064a\u0639\u0629 (1942\u06401944)<\/h2>\n    \n    <div class=\"desc\">\n      <p>\u064a\u0639\u062a\u0628\u0631 \u0627\u0644\u062a\u0631\u0627\u062b \u0648\u062c\u0648\u062f\u0629 \u0627\u0644\u0628\u064a\u0626\u0629 \u0627\u0644\u0645\u0639\u064a\u0634\u064a\u0629\u060c \u0627\u0644\u064a\u0648\u0645\u060c \u0623\u062f\u0648\u0627\u062a \u0623\u0633\u0627\u0633\u064a\u0629 \u0644\u0644\u0645\u0633\u0624\u0648\u0644\u064a\u0646 \u0639\u0646 \u0627\u0644\u0645\u062f\u0646 \u0648\u0627\u0644\u0623\u0642\u0627\u0644\u064a\u0645. \u0643\u0639\u0648\u0627\u0645\u0644 \u0647\u0648\u064a\u0629 \u0628\u0627\u0644\u0646\u0633\u0628\u0629 \u0644\u0644\u0633\u0643\u0627\u0646\u060c \u0641\u0647\u064a \u062a\u0633\u0627\u0647\u0645 \u0641\u064a \u0627\u0646\u062f\u0645\u0627\u062c\u0647\u0645 \u0627\u0644\u0625\u062c\u062a\u0645\u0627\u0639\u064a \u0648\u062a\u0639\u0645\u0644 \u0643\u0631\u0627\u0641\u0639\u0629 \u0644\u0644\u062a\u0646\u0645\u064a\u0629 \u0627\u0644\u0625\u0642\u062a\u0635\u0627\u062f\u064a\u0629 \u0648\u0627\u0644\u0628\u064a\u0626\u064a\u0629.<\/p>\n<p>\u0628\u0627\u0644\u0646\u0633\u0628\u0629 \u0644\u0623\u0763\u0627\u062f\u064a\u0631\u060c \u0641\u0625\u0646 \u0645\u062d\u064a\u0637 \u0627\u0644\u0645\u0648\u0642\u0639 \u0627\u0644\u062a\u0631\u0627\u062b\u064a \u0627\u0644\u0645\u0635\u0646\u0641 \u0627\u0639\u062a\u0628\u0627\u0631\u064b\u0627 \u0645\u0646 \u0639\u0627\u0645 1932 (\u0638\u0647\u064a\u0631\u00a0 30 \u064a\u0648\u0644\u064a\u0648\u06321932 \/ 25 \u0631\u0628\u064a\u0639 \u0627\u0644\u0623\u0648\u0644 1351) \u0633\u064a\u0645\u062a\u062f \u0644\u064a\u0634\u0645\u0644 \u0627\u0644\u0642\u0644\u0639\u0629 \u0628\u0623\u0643\u0645\u0644\u0647\u0627 \u0645\u0646 \u0639\u0627\u0645 1942 \u0625\u0644\u0649 1944\u060c \u0645\u0646 \u062e\u0644\u0627\u0644 \u0633\u0644\u0633\u0644\u0629 \u0645\u0646 \u0627\u0644\u0638\u0647\u0627\u0626\u0631 \u0627\u0644\u0634\u0631\u064a\u0641\u064a\u0629 \u0627\u0644\u0645\u062a\u0639\u0644\u0642\u0629 \u0628\u0627\u0644\u0645\u0646\u0627\u0637\u0642 \u0627\u0644\u0645\u062d\u0645\u064a\u0629 (\u0645\u0646\u0627\u0637\u0642 \u0627\u0644\u0625\u0631\u062a\u0641\u0627\u0642 \u0648\u0627\u0644\u0645\u0646\u0627\u0637\u0642 \u063a\u064a\u0631 \u0627\u0644\u0642\u0627\u0628\u0644\u0629 \u0644\u0644\u0628\u0646\u0627\u0621) \u062d\u0648\u0644 \u0627\u0644\u062a\u0631\u0627\u062b \u0627\u0644\u0639\u0645\u0631\u0627\u0646\u064a\u060c \u0628\u0645\u0627 \u0641\u064a \u0630\u0644\u0643 \u0627\u0644\u062a\u0631\u0627\u062b \u0627\u0644\u0637\u0628\u064a\u0639\u064a.<\/p>\n<p>\u062a\u0645 \u062a\u0639\u0632\u064a\u0632\u0647\u0627\u060c \u0628\u0634\u0643\u0644 \u0623\u0643\u0628\u0631 \u0628\u0639\u062f \u0627\u0644\u0632\u0644\u0632\u0627\u0644\u060c \u0645\u0646 \u062e\u0644\u0627\u0644 \u0645\u0646\u0637\u0642\u0629 \u0632\u0644\u0632\u0627\u0644\u064a\u0629 \u0648\u0642\u0627\u0626\u064a\u0629 (\u0627\u0644\u0638\u0647\u064a\u0631 \u0631\u0642\u0645 1.60.290 \u0628\u062a\u0627\u0631\u064a\u062e 17 \u064a\u0646\u0627\u064a\u0631 1961). \u0648\u0647\u0643\u0630\u0627 \u0641\u0625\u0646 \u0645\u0634\u0631\u0648\u0639 \u062a\u062b\u0645\u064a\u0646 \u062a\u0631\u0627\u062b \u0627\u0644\u0645\u0648\u0642\u0639\u060c \u064a\u0646\u062f\u0631\u062c \u0628\u0643\u0627\u0645\u0644\u0647 \u0636\u0645\u0646 \u0623\u0647\u062f\u0627\u0641 \u0627\u0644\u0645\u062e\u0637\u0637 \u0627\u0644\u0645\u062f\u064a\u0631\u064a \u0644\u0644\u062a\u0647\u064a\u0626\u0629 \u0627\u0644\u062d\u0636\u0631\u064a\u0629 (SDAU) \u0644\u0623\u0763\u0627\u062f\u064a\u0631\u0627\u0644\u0643\u0628\u064a\u0631.<\/p>\n<p>\u064a\u0639\u0632\u0632 \u0645\u0645\u0631 \u0627\u0644\u062a\u0646\u0648\u0639 \u0627\u0644\u0628\u064a\u0648\u0644\u0648\u062c\u064a \u0627\u0644\u0645\u062f\u0645\u062c \u0641\u064a \u0645\u0633\u0627\u0631\u0627\u062a \u0627\u0644\u0642\u0635\u0628\u0629 \u0641\u0643\u0631\u0629 \u0627\u0644\u062d\u0645\u0627\u064a\u0629 \u0627\u0644\u0645\u0645\u062a\u062f\u0629 \u0648\u0645\u0646\u0637\u0642\u0629 \u0645\u062d\u0645\u064a\u0629 \u0645\u0643\u0648\u0646\u0629 \u0641\u064a \u063a\u0627\u0644\u0628\u0647\u0627 \u0645\u0646 \u0627\u0644\u063a\u0627\u0628\u0627\u062a.\u00a0\u0647\u0630\u0627 \u0627\u0644\u0645\u062d\u064a\u0637 \u0627\u0644\u0645\u062d\u0645\u064a \u0633\u064a\u062a\u0645 \u0627\u0644\u064a\u0648\u0645 \u062a\u0648\u0633\u064a\u0639\u0647 \u0645\u0646 \u062e\u0644\u0627\u0644 \u062f\u0645\u062c \u0643\u064a\u0641\u064a\u0627\u062a \u0627\u0644\u0648\u0635\u0648\u0644 \u0627\u0644\u0622\u0645\u0646 \u0648\u0627\u0644\u0625\u062e\u0644\u0627\u0621 \u0627\u0644\u0633\u0631\u064a\u0639.<\/p>\n<p>\u0645\u0646 \u0627\u0644\u0645\u0646\u062a\u0638\u0631 \u0625\u062d\u062f\u0627\u062b \u0645\u0646\u0635\u0629 \u062e\u062f\u0645\u0629 \u0645\u062f\u0641\u0648\u0646\u0629 \u0648\u063a\u064a\u0631 \u0645\u0631\u0626\u064a\u0629\u060c \u0628\u0627\u0644\u0625\u0636\u0627\u0641\u0629 \u0625\u0644\u0649 \u062f\u0641\u0646 \u062c\u0632\u0626\u064a \u0644\u0645\u062d\u0637\u0629 \u062a\u0644\u0641\u0631\u064a\u0643 \u0644\u062a\u0633\u0647\u064a\u0644 \u0627\u0644\u0648\u0635\u0648\u0644 \u0625\u0644\u0649 \u0627\u0644\u0645\u0648\u0642\u0639 \u0627\u0644\u0623\u062b\u0631\u064a \u0627\u0644\u0630\u064a \u064a\u0637\u0644 \u0639\u0644\u0649 \u062e\u0644\u064a\u062c \u0623\u0763\u0627\u062f\u064a\u0631\u0648\u064a\u0648\u0641\u0631 \u0625\u0637\u0644\u0627\u0644\u0629 \u0628\u0627\u0646\u0648\u0631\u0627\u0645\u064a\u0629 \u0641\u0631\u064a\u062f\u0629 \u0645\u0646 \u0646\u0648\u0639\u0647\u0627.<\/p>\n    <\/div>\n    \n                  <div class=\"cols\">\n          <picture>\n            <img class=\"lazyload\" data-src=\"https:\/\/www.agadir-oufella.ma\/wp-content\/uploads\/2022\/08\/carte-faune-flore.jpg\" width=\"634\" height=\"419\" alt=\"Sch\u00e9ma Directeur d'Am\u00e9nagement Urbain du Grand Agadir\" decoding=\"async\" draggable=\"false\" \/>\n          <\/picture>\n          <picture>\n            <img class=\"lazyload\" data-src=\"https:\/\/www.agadir-oufella.ma\/wp-content\/uploads\/2022\/08\/carte-faune-flore-zoom.jpg\" width=\"634\" height=\"419\" alt=\"SDAU Grand Agadir\" decoding=\"async\" draggable=\"false\" \/>\n          <\/picture>\n        <\/div>\n            <\/div>\n<\/section>\n\n\n\n<div style=\"height:40px\" aria-hidden=\"true\" class=\"wp-block-spacer\"><\/div>\n\n\n<section class=\"slider-2orientations default\">\n    <div class=\"wrapper\">\n                  <span class=\"label\">\u0627\u0644\u062c\u0628\u0644 \u0641\u064a \u0627\u0644\u0628\u062d\u0631<\/span>\n                          <h2 class=\"title\">\u0627\u0644\u0645\u0633\u0627\u0631\u0627\u062a \u0627\u0644\u0646\u0628\u0627\u062a\u064a\u0629 \u0648\u0639\u0644\u0627\u0645\u0627\u062a \u0627\u0644\u062a\u0631\u0627\u062b<\/h2>\n                <div class=\"canvas\">\n            <div class=\"feature\" data-aos=\"fade-right\">\n                <img loading=\"lazy\" id=\"slider-feature\" data-trigger=\"slider-gallery-item0\" src=\"https:\/\/www.agadir-oufella.ma\/wp-content\/uploads\/2022\/08\/argania-spinosa.jpg\" width=\"1000\" height=\"533\" alt=\"Argania Spinosa\" decoding=\"async\" draggable=\"false\">\n            <\/div>\n            <div class=\"thumbnails\"  data-aos=\"fade-left\" dir=\"ltr\">\n                <ul id=\"slider-gallery\" data-axis data-slider data-slideBy=\"1\" data-gutter=\"13\" data-drag=\"true\" data-controls=\"true\" data-breakpoints=\"0\" data-items=\"3\">\n                                                                  <li>\n                            <img loading=\"lazy\" src=\"https:\/\/www.agadir-oufella.ma\/wp-content\/uploads\/2022\/08\/acacia.jpg\" data-src=\"https:\/\/www.agadir-oufella.ma\/wp-content\/uploads\/2022\/08\/acacia.jpg\" width=\"281\" height=\"169\" alt=\"Acacia\" decoding=\"async\" draggable=\"false\">\n                        <\/li>\n                                              <li>\n                            <img loading=\"lazy\" src=\"https:\/\/www.agadir-oufella.ma\/wp-content\/uploads\/2022\/08\/argania-spinosa.jpg\" data-src=\"https:\/\/www.agadir-oufella.ma\/wp-content\/uploads\/2022\/08\/argania-spinosa.jpg\" width=\"281\" height=\"169\" alt=\"Argania Spinosa\" decoding=\"async\" draggable=\"false\">\n                        <\/li>\n                                              <li>\n                            <img loading=\"lazy\" src=\"https:\/\/www.agadir-oufella.ma\/wp-content\/uploads\/2022\/08\/euphorbia.jpg\" data-src=\"https:\/\/www.agadir-oufella.ma\/wp-content\/uploads\/2022\/08\/euphorbia.jpg\" width=\"281\" height=\"169\" alt=\"Euphorbia\" decoding=\"async\" draggable=\"false\">\n                        <\/li>\n                                              <li>\n                            <img loading=\"lazy\" src=\"https:\/\/www.agadir-oufella.ma\/wp-content\/uploads\/2022\/08\/senecio.jpg\" data-src=\"https:\/\/www.agadir-oufella.ma\/wp-content\/uploads\/2022\/08\/senecio.jpg\" width=\"281\" height=\"169\" alt=\"Senecio\" decoding=\"async\" draggable=\"false\">\n                        <\/li>\n                                              <li>\n                            <img loading=\"lazy\" src=\"https:\/\/www.agadir-oufella.ma\/wp-content\/uploads\/2022\/08\/warionia.jpg\" data-src=\"https:\/\/www.agadir-oufella.ma\/wp-content\/uploads\/2022\/08\/warionia.jpg\" width=\"281\" height=\"169\" alt=\"Warionia\" decoding=\"async\" draggable=\"false\">\n                        <\/li>\n                                                          <\/ul>\n            <\/div>\n        <\/div>\n                  <div class=\"text\" data-aos=\"fade-down\">\n              <p>\u0632\u0648\u062f\u062a \u0627\u0644\u0645\u0633\u0627\u0631\u0627\u062a \u0627\u0644\u0646\u0628\u0627\u062a\u064a\u0629 \u0628\u0623\u062c\u0647\u0632\u0629 \u0628\u064a\u062f\u0627\u063a\u0648\u062c\u064a\u0629 \u062a\u0633\u0645\u062d \u0628\u0645\u0634\u0627\u0647\u062f\u0629 \u0627\u0644\u062d\u064a\u0648\u0627\u0646\u0627\u062a \u0648\u0627\u0644\u0646\u0628\u0627\u062a\u0627\u062a \u0623\u062b\u0646\u0627\u0621 \u0627\u0644\u0645\u0634\u064a \u0639\u0628\u0631 \u0645\u062e\u062a\u0644\u0641 \u0627\u0644\u0645\u0639\u0627\u0644\u0645 \u0627\u0644\u0623\u062b\u0631\u064a\u0629 \u0623\u0648 \u0627\u0644\u0645\u0628\u0627\u0646\u064a \u0627\u0644\u0645\u0635\u0646\u0641\u0629\u060c \u0645\u0646 \u0627\u0644\u0642\u0635\u0628\u0629 \u0625\u0644\u0649 \u0627\u0644\u062e\u0632\u0627\u0646\u0627\u062a\u060c \u0645\u0631\u0648\u0631\u0627 \u0628\u0627\u0644\u0645\u0642\u0627\u0628\u0631 \u0648\u0627\u0644\u0634\u0631\u064a\u062c (\u062d\u0648\u0636) \u0627\u0644\u0642\u0635\u0628\u0629\u060c \u0643\u0645\u0627 \u064a\u062a\u0645 \u0625\u064a\u0644\u0627\u0621 \u0623\u0647\u0645\u064a\u0629 \u0643\u0628\u064a\u0631\u0629 \u0627\u0644\u0622\u0646 \u0644\u0644\u0639\u062f\u064a\u062f \u0645\u0646 \u0627\u0644\u0645\u0646\u0627\u0631\u0627\u062a \u0627\u0644\u062a\u0631\u0627\u062b\u064a\u0629 \u0648\u0648\u0636\u0639\u0647\u0627 \u0641\u064a \u0633\u064a\u0627\u0642 \u0625\u064a\u0643\u0648\u0644\u0648\u062c\u064a \u0648\u062a\u0627\u0631\u064a\u062e\u064a. \u062c\u0645\u064a\u0639\u0647\u0627 \u062a\u0634\u0643\u0644 \u0645\u0646\u062a\u0632\u0647 \u0637\u0628\u064a\u0639\u064a \u0645\u0637\u0644 \u0639\u0644\u0649 \u0645\u064a\u0646\u0627\u0621 \u0627\u0644\u0639\u0635\u0648\u0631 \u0627\u0644\u0648\u0633\u0637\u0649\u060c \u0648\u0627\u0644\u0630\u064a \u0623\u0635\u0628\u062d \u0627\u0644\u064a\u0648\u0645 \u0645\u062f\u064a\u0646\u0629 \u0643\u0628\u064a\u0631\u0629 \u0648\u0639\u0627\u0635\u0645\u0629 \u062c\u0647\u0648\u064a\u0629.<\/p>\n<p>\u062a\u0645 \u062a\u062d\u062f\u064a\u062f \u0645\u0627 \u064a\u0642\u0631\u0628 \u0645\u0646 29 \u0646\u0648\u0639\u064b\u0627 \u0645\u0639\u0645\u0631\u064b\u0627\u061b \u0627\u0644\u0639\u062f\u064a\u062f \u0645\u0646\u0647\u0627 \u0645\u062a\u0648\u0637\u0646\u0629 :<\/p>\n<p>Argania spinosa (Sapotac\u00e9es), Acacia gummifera (Mimosac\u00e9es), Euphorbia beaumierana (Euphoribac\u00e9es), Senecio anteuphrbium (Ch\u00e9nopodiac\u00e9es), Warionia saharae (Solonac\u00e9es).<\/p>\n          <\/div>\n            <\/div>\n<\/section>\n\n\n\n<div style=\"height:30px\" aria-hidden=\"true\" class=\"wp-block-spacer\"><\/div>\n","protected":false},"excerpt":{"rendered":"","protected":false},"author":1,"featured_media":0,"parent":0,"menu_order":47,"comment_status":"closed","ping_status":"closed","template":"","meta":{"inline_featured_image":false,"footnotes":""},"class_list":["post-6305","page","type-page","status-publish","hentry"],"yoast_head":"<!-- This site is optimized with the Yoast SEO plugin v25.0 - https:\/\/yoast.com\/wordpress\/plugins\/seo\/ -->\n<title>\u0627\u0644\u062b\u0631\u0648\u0629 \u0627\u0644\u062d\u064a\u0648\u0627\u0646\u064a\u0629 \u0648 \u0627\u0644\u0646\u0628\u0627\u062a\u064a\u0629 - \u0642\u0635\u0628\u0629 \u0623\u0763\u0627\u062f\u064a\u0631 \u0623\u0648\u0641\u0644\u0627<\/title>\n<meta name=\"robots\" content=\"index, follow, max-snippet:-1, max-image-preview:large, max-video-preview:-1\" \/>\n<link rel=\"canonical\" href=\"https:\/\/www.agadir-oufella.ma\/ar\/\u0627\u0644\u062b\u0631\u0648\u0629-\u0627\u0644\u062d\u064a\u0648\u0627\u0646\u064a\u0629-\u0648-\u0627\u0644\u0646\u0628\u0627\u062a\u064a\u0629\/\" \/>\n<meta property=\"og:locale\" content=\"ar_AR\" \/>\n<meta property=\"og:type\" content=\"article\" \/>\n<meta property=\"og:title\" content=\"\u0627\u0644\u062b\u0631\u0648\u0629 \u0627\u0644\u062d\u064a\u0648\u0627\u0646\u064a\u0629 \u0648 \u0627\u0644\u0646\u0628\u0627\u062a\u064a\u0629 - \u0642\u0635\u0628\u0629 \u0623\u0763\u0627\u062f\u064a\u0631 \u0623\u0648\u0641\u0644\u0627\" \/>\n<meta property=\"og:url\" content=\"https:\/\/www.agadir-oufella.ma\/ar\/\u0627\u0644\u062b\u0631\u0648\u0629-\u0627\u0644\u062d\u064a\u0648\u0627\u0646\u064a\u0629-\u0648-\u0627\u0644\u0646\u0628\u0627\u062a\u064a\u0629\/\" \/>\n<meta property=\"og:site_name\" content=\"\u0642\u0635\u0628\u0629 \u0623\u0763\u0627\u062f\u064a\u0631 \u0623\u0648\u0641\u0644\u0627\" \/>\n<meta property=\"article:modified_time\" content=\"2023-11-27T16:58:35+00:00\" \/>\n<meta name=\"twitter:card\" content=\"summary_large_image\" \/>\n<script type=\"application\/ld+json\" class=\"yoast-schema-graph\">{\"@context\":\"https:\/\/schema.org\",\"@graph\":[{\"@type\":\"WebPage\",\"@id\":\"https:\/\/www.agadir-oufella.ma\/ar\/%d8%a7%d9%84%d8%ab%d8%b1%d9%88%d8%a9-%d8%a7%d9%84%d8%ad%d9%8a%d9%88%d8%a7%d9%86%d9%8a%d8%a9-%d9%88-%d8%a7%d9%84%d9%86%d8%a8%d8%a7%d8%aa%d9%8a%d8%a9\/\",\"url\":\"https:\/\/www.agadir-oufella.ma\/ar\/%d8%a7%d9%84%d8%ab%d8%b1%d9%88%d8%a9-%d8%a7%d9%84%d8%ad%d9%8a%d9%88%d8%a7%d9%86%d9%8a%d8%a9-%d9%88-%d8%a7%d9%84%d9%86%d8%a8%d8%a7%d8%aa%d9%8a%d8%a9\/\",\"name\":\"\u0627\u0644\u062b\u0631\u0648\u0629 \u0627\u0644\u062d\u064a\u0648\u0627\u0646\u064a\u0629 \u0648 \u0627\u0644\u0646\u0628\u0627\u062a\u064a\u0629 - \u0642\u0635\u0628\u0629 \u0623\u0763\u0627\u062f\u064a\u0631 \u0623\u0648\u0641\u0644\u0627\",\"isPartOf\":{\"@id\":\"https:\/\/www.agadir-oufella.ma\/fr\/#website\"},\"datePublished\":\"2022-08-18T08:54:14+00:00\",\"dateModified\":\"2023-11-27T16:58:35+00:00\",\"breadcrumb\":{\"@id\":\"https:\/\/www.agadir-oufella.ma\/ar\/%d8%a7%d9%84%d8%ab%d8%b1%d9%88%d8%a9-%d8%a7%d9%84%d8%ad%d9%8a%d9%88%d8%a7%d9%86%d9%8a%d8%a9-%d9%88-%d8%a7%d9%84%d9%86%d8%a8%d8%a7%d8%aa%d9%8a%d8%a9\/#breadcrumb\"},\"inLanguage\":\"ar\",\"potentialAction\":[{\"@type\":\"ReadAction\",\"target\":[\"https:\/\/www.agadir-oufella.ma\/ar\/%d8%a7%d9%84%d8%ab%d8%b1%d9%88%d8%a9-%d8%a7%d9%84%d8%ad%d9%8a%d9%88%d8%a7%d9%86%d9%8a%d8%a9-%d9%88-%d8%a7%d9%84%d9%86%d8%a8%d8%a7%d8%aa%d9%8a%d8%a9\/\"]}]},{\"@type\":\"BreadcrumbList\",\"@id\":\"https:\/\/www.agadir-oufella.ma\/ar\/%d8%a7%d9%84%d8%ab%d8%b1%d9%88%d8%a9-%d8%a7%d9%84%d8%ad%d9%8a%d9%88%d8%a7%d9%86%d9%8a%d8%a9-%d9%88-%d8%a7%d9%84%d9%86%d8%a8%d8%a7%d8%aa%d9%8a%d8%a9\/#breadcrumb\",\"itemListElement\":[{\"@type\":\"ListItem\",\"position\":1,\"name\":\"Accueil\",\"item\":\"https:\/\/www.agadir-oufella.ma\/ar\/\"},{\"@type\":\"ListItem\",\"position\":2,\"name\":\"\u0627\u0644\u062b\u0631\u0648\u0629 \u0627\u0644\u062d\u064a\u0648\u0627\u0646\u064a\u0629 \u0648 \u0627\u0644\u0646\u0628\u0627\u062a\u064a\u0629\"}]},{\"@type\":\"WebSite\",\"@id\":\"https:\/\/www.agadir-oufella.ma\/fr\/#website\",\"url\":\"https:\/\/www.agadir-oufella.ma\/fr\/\",\"name\":\"\u0642\u0635\u0628\u0629 \u0623\u0763\u0627\u062f\u064a\u0631 \u0623\u0648\u0641\u0644\u0627\",\"description\":\"\",\"publisher\":{\"@id\":\"https:\/\/www.agadir-oufella.ma\/fr\/#organization\"},\"potentialAction\":[{\"@type\":\"SearchAction\",\"target\":{\"@type\":\"EntryPoint\",\"urlTemplate\":\"https:\/\/www.agadir-oufella.ma\/fr\/?s={search_term_string}\"},\"query-input\":{\"@type\":\"PropertyValueSpecification\",\"valueRequired\":true,\"valueName\":\"search_term_string\"}}],\"inLanguage\":\"ar\"},{\"@type\":\"Organization\",\"@id\":\"https:\/\/www.agadir-oufella.ma\/fr\/#organization\",\"name\":\"\u0642\u0635\u0628\u0629 \u0623\u0763\u0627\u062f\u064a\u0631 \u0623\u0648\u0641\u0644\u0627\",\"url\":\"https:\/\/www.agadir-oufella.ma\/fr\/\",\"logo\":{\"@type\":\"ImageObject\",\"inLanguage\":\"ar\",\"@id\":\"https:\/\/www.agadir-oufella.ma\/fr\/#\/schema\/logo\/image\/\",\"url\":\"https:\/\/www.agadir-oufella.ma\/wp-content\/uploads\/2023\/09\/LOGOAGOF.svg\",\"contentUrl\":\"https:\/\/www.agadir-oufella.ma\/wp-content\/uploads\/2023\/09\/LOGOAGOF.svg\",\"width\":150,\"height\":150,\"caption\":\"\u0642\u0635\u0628\u0629 \u0623\u0763\u0627\u062f\u064a\u0631 \u0623\u0648\u0641\u0644\u0627\"},\"image\":{\"@id\":\"https:\/\/www.agadir-oufella.ma\/fr\/#\/schema\/logo\/image\/\"}}]}<\/script>\n<!-- \/ Yoast SEO plugin. -->","yoast_head_json":{"title":"\u0627\u0644\u062b\u0631\u0648\u0629 \u0627\u0644\u062d\u064a\u0648\u0627\u0646\u064a\u0629 \u0648 \u0627\u0644\u0646\u0628\u0627\u062a\u064a\u0629 - \u0642\u0635\u0628\u0629 \u0623\u0763\u0627\u062f\u064a\u0631 \u0623\u0648\u0641\u0644\u0627","robots":{"index":"index","follow":"follow","max-snippet":"max-snippet:-1","max-image-preview":"max-image-preview:large","max-video-preview":"max-video-preview:-1"},"canonical":"https:\/\/www.agadir-oufella.ma\/ar\/\u0627\u0644\u062b\u0631\u0648\u0629-\u0627\u0644\u062d\u064a\u0648\u0627\u0646\u064a\u0629-\u0648-\u0627\u0644\u0646\u0628\u0627\u062a\u064a\u0629\/","og_locale":"ar_AR","og_type":"article","og_title":"\u0627\u0644\u062b\u0631\u0648\u0629 \u0627\u0644\u062d\u064a\u0648\u0627\u0646\u064a\u0629 \u0648 \u0627\u0644\u0646\u0628\u0627\u062a\u064a\u0629 - \u0642\u0635\u0628\u0629 \u0623\u0763\u0627\u062f\u064a\u0631 \u0623\u0648\u0641\u0644\u0627","og_url":"https:\/\/www.agadir-oufella.ma\/ar\/\u0627\u0644\u062b\u0631\u0648\u0629-\u0627\u0644\u062d\u064a\u0648\u0627\u0646\u064a\u0629-\u0648-\u0627\u0644\u0646\u0628\u0627\u062a\u064a\u0629\/","og_site_name":"\u0642\u0635\u0628\u0629 \u0623\u0763\u0627\u062f\u064a\u0631 \u0623\u0648\u0641\u0644\u0627","article_modified_time":"2023-11-27T16:58:35+00:00","twitter_card":"summary_large_image","schema":{"@context":"https:\/\/schema.org","@graph":[{"@type":"WebPage","@id":"https:\/\/www.agadir-oufella.ma\/ar\/%d8%a7%d9%84%d8%ab%d8%b1%d9%88%d8%a9-%d8%a7%d9%84%d8%ad%d9%8a%d9%88%d8%a7%d9%86%d9%8a%d8%a9-%d9%88-%d8%a7%d9%84%d9%86%d8%a8%d8%a7%d8%aa%d9%8a%d8%a9\/","url":"https:\/\/www.agadir-oufella.ma\/ar\/%d8%a7%d9%84%d8%ab%d8%b1%d9%88%d8%a9-%d8%a7%d9%84%d8%ad%d9%8a%d9%88%d8%a7%d9%86%d9%8a%d8%a9-%d9%88-%d8%a7%d9%84%d9%86%d8%a8%d8%a7%d8%aa%d9%8a%d8%a9\/","name":"\u0627\u0644\u062b\u0631\u0648\u0629 \u0627\u0644\u062d\u064a\u0648\u0627\u0646\u064a\u0629 \u0648 \u0627\u0644\u0646\u0628\u0627\u062a\u064a\u0629 - \u0642\u0635\u0628\u0629 \u0623\u0763\u0627\u062f\u064a\u0631 \u0623\u0648\u0641\u0644\u0627","isPartOf":{"@id":"https:\/\/www.agadir-oufella.ma\/fr\/#website"},"datePublished":"2022-08-18T08:54:14+00:00","dateModified":"2023-11-27T16:58:35+00:00","breadcrumb":{"@id":"https:\/\/www.agadir-oufella.ma\/ar\/%d8%a7%d9%84%d8%ab%d8%b1%d9%88%d8%a9-%d8%a7%d9%84%d8%ad%d9%8a%d9%88%d8%a7%d9%86%d9%8a%d8%a9-%d9%88-%d8%a7%d9%84%d9%86%d8%a8%d8%a7%d8%aa%d9%8a%d8%a9\/#breadcrumb"},"inLanguage":"ar","potentialAction":[{"@type":"ReadAction","target":["https:\/\/www.agadir-oufella.ma\/ar\/%d8%a7%d9%84%d8%ab%d8%b1%d9%88%d8%a9-%d8%a7%d9%84%d8%ad%d9%8a%d9%88%d8%a7%d9%86%d9%8a%d8%a9-%d9%88-%d8%a7%d9%84%d9%86%d8%a8%d8%a7%d8%aa%d9%8a%d8%a9\/"]}]},{"@type":"BreadcrumbList","@id":"https:\/\/www.agadir-oufella.ma\/ar\/%d8%a7%d9%84%d8%ab%d8%b1%d9%88%d8%a9-%d8%a7%d9%84%d8%ad%d9%8a%d9%88%d8%a7%d9%86%d9%8a%d8%a9-%d9%88-%d8%a7%d9%84%d9%86%d8%a8%d8%a7%d8%aa%d9%8a%d8%a9\/#breadcrumb","itemListElement":[{"@type":"ListItem","position":1,"name":"Accueil","item":"https:\/\/www.agadir-oufella.ma\/ar\/"},{"@type":"ListItem","position":2,"name":"\u0627\u0644\u062b\u0631\u0648\u0629 \u0627\u0644\u062d\u064a\u0648\u0627\u0646\u064a\u0629 \u0648 \u0627\u0644\u0646\u0628\u0627\u062a\u064a\u0629"}]},{"@type":"WebSite","@id":"https:\/\/www.agadir-oufella.ma\/fr\/#website","url":"https:\/\/www.agadir-oufella.ma\/fr\/","name":"\u0642\u0635\u0628\u0629 \u0623\u0763\u0627\u062f\u064a\u0631 \u0623\u0648\u0641\u0644\u0627","description":"","publisher":{"@id":"https:\/\/www.agadir-oufella.ma\/fr\/#organization"},"potentialAction":[{"@type":"SearchAction","target":{"@type":"EntryPoint","urlTemplate":"https:\/\/www.agadir-oufella.ma\/fr\/?s={search_term_string}"},"query-input":{"@type":"PropertyValueSpecification","valueRequired":true,"valueName":"search_term_string"}}],"inLanguage":"ar"},{"@type":"Organization","@id":"https:\/\/www.agadir-oufella.ma\/fr\/#organization","name":"\u0642\u0635\u0628\u0629 \u0623\u0763\u0627\u062f\u064a\u0631 \u0623\u0648\u0641\u0644\u0627","url":"https:\/\/www.agadir-oufella.ma\/fr\/","logo":{"@type":"ImageObject","inLanguage":"ar","@id":"https:\/\/www.agadir-oufella.ma\/fr\/#\/schema\/logo\/image\/","url":"https:\/\/www.agadir-oufella.ma\/wp-content\/uploads\/2023\/09\/LOGOAGOF.svg","contentUrl":"https:\/\/www.agadir-oufella.ma\/wp-content\/uploads\/2023\/09\/LOGOAGOF.svg","width":150,"height":150,"caption":"\u0642\u0635\u0628\u0629 \u0623\u0763\u0627\u062f\u064a\u0631 \u0623\u0648\u0641\u0644\u0627"},"image":{"@id":"https:\/\/www.agadir-oufella.ma\/fr\/#\/schema\/logo\/image\/"}}]}},"_links":{"self":[{"href":"https:\/\/www.agadir-oufella.ma\/ar\/wp-json\/wp\/v2\/pages\/6305","targetHints":{"allow":["GET"]}}],"collection":[{"href":"https:\/\/www.agadir-oufella.ma\/ar\/wp-json\/wp\/v2\/pages"}],"about":[{"href":"https:\/\/www.agadir-oufella.ma\/ar\/wp-json\/wp\/v2\/types\/page"}],"author":[{"embeddable":true,"href":"https:\/\/www.agadir-oufella.ma\/ar\/wp-json\/wp\/v2\/users\/1"}],"replies":[{"embeddable":true,"href":"https:\/\/www.agadir-oufella.ma\/ar\/wp-json\/wp\/v2\/comments?post=6305"}],"version-history":[{"count":28,"href":"https:\/\/www.agadir-oufella.ma\/ar\/wp-json\/wp\/v2\/pages\/6305\/revisions"}],"predecessor-version":[{"id":10699,"href":"https:\/\/www.agadir-oufella.ma\/ar\/wp-json\/wp\/v2\/pages\/6305\/revisions\/10699"}],"wp:attachment":[{"href":"https:\/\/www.agadir-oufella.ma\/ar\/wp-json\/wp\/v2\/media?parent=6305"}],"curies":[{"name":"wp","href":"https:\/\/api.w.org\/{rel}","templated":true}]}}