
{"id":5562,"date":"2022-07-22T09:15:31","date_gmt":"2022-07-22T08:15:31","guid":{"rendered":"https:\/\/www.agadir-oufella.ma\/demande-speciale-prenez-contact-avec-nos-equipes\/"},"modified":"2022-09-19T17:02:44","modified_gmt":"2022-09-19T16:02:44","slug":"contact-us","status":"publish","type":"page","link":"https:\/\/www.agadir-oufella.ma\/en\/contact-us\/","title":{"rendered":"Contact us"},"content":{"rendered":"<section class=\"topbar\">\n    <picture>\n                  <img loading=\"lazy\" decoding=\"async\" src=\"https:\/\/www.agadir-oufella.ma\/wp-content\/uploads\/2022\/07\/topbar.jpg\" alt=\"Kasbah d'Agadir Oufella\" width=\"1920\" height=\"297\" \/>\n            <\/picture>\n<\/section>\n<ol class=\"breadcrumb\" itemscope itemtype=\"http:\/\/schema.org\/BreadcrumbList\"><li itemprop=\"itemListElement\" itemscope itemtype=\"http:\/\/schema.org\/ListItem\"><a itemprop=\"item\" href=\"https:\/\/www.agadir-oufella.ma\/en\/\">Home<span itemprop='name'>  <\/span><\/a><span itemprop='position' content='1'>&gt;<\/span><\/li><\/ol>\n\n\n<div style=\"height:15px\" aria-hidden=\"true\" class=\"wp-block-spacer\"><\/div>\n\n\n<section class=\"intro\" data-aos=\"fade-up\">\n        <h1> Contact us <\/h1>\n        <div crop-text data-readmore=\"...Suite\" data-readless=\"Lire moins\" data-characters=\"380\">\n        <p>If you want to know more about Kasbah Agadir Oufella or if you want more information, please contact us via the form below.<\/p>\n    <\/div>\n<\/section>\n\n\n\n<section class=\"ecrivez-nous\" data-aos=\"fade-up\">\n    <div class=\"wrapper\">\n      <form id=\"_contactform\" method=\"post\" autocomplete=\"off\">\n\n        <div class=\"row\">\n          <div class=\"form-control\">\n            <input oninvalid=\"this.setCustomValidity('Last name field is required')\" oninput=\"this.setCustomValidity('')\" value=\"\" name=\"last_name\" required \/>\n            <label>Last name *<\/label>\n          <\/div>\n          <div class=\"form-control\">\n            <input oninvalid=\"this.setCustomValidity('First name field is required')\" oninput=\"this.setCustomValidity('')\" value=\"\" name=\"name\" required \/>\n            <label>First name *<\/label>\n          <\/div>\n        <\/div>\n\n        <div class=\"row\">\n          <div class=\"form-control\">\n            <input type=\"tel\" name=\"telephone\" id=\"telephone\" minlength=\"9\" maxlength=\"13\" oninput=\"this.value = this.value.replace(\/[^0-9.+]\/g, '').replace(\/(\\..*?)\\..*\/g, '$1');\"\/>\n            <label>Phone<\/label>\n          <\/div>\n          <div class=\"form-control\">\n            <input oninvalid=\"this.setCustomValidity('Email field is mandatory')\" oninput=\"this.setCustomValidity('')\"  type=\"email\" name=\"email\" required \/>\n            <label>Email *<\/label>\n          <\/div>\n        <\/div>\n\n        <div class=\"form-control\">\n          <textarea maxlength=\"400\" oninvalid=\"this.setCustomValidity('Message field is required')\" oninput=\"this.setCustomValidity('')\" type=\"textarea\" name=\"letter\" required><\/textarea>\n          <label> *Message<\/label>\n        <\/div>\n\n        <small class=\"form-caption\">*Required fields<\/small>\n\n        <label class=\"checkbox\">\n            <input oninvalid=\"this.setCustomValidity('Please accept the privacy policy')\" oninput=\"this.setCustomValidity('')\" type=\"checkbox\" name=\"job_privacy_policy\" value=\"1\" required \/>\n             I have read and accept            <a href=\"https:\/\/www.agadir-oufella.ma\/en\/privacy-policy\/\" target=\"_blank\">Privacy policy<\/a>\n            agadir-oufella.ma<br\/>\n            <small>The information collected via this form is recorded by Soci\u00e9t\u00e9 de D\u00e9veloppement Touristique Souss Massa, in its capacity as data controller, for the purpose of responding to your request. It is intended exclusively for the internal departments concerned. In accordance with law 09-08, you have the right to access, rectify and object to the processing of your<\/small>\n        <\/label>\n\n        <input type=\"hidden\" id=\"contact_form\" name=\"contact_form\" value=\"79b9ca2fd1\" \/><input type=\"hidden\" name=\"_wp_http_referer\" value=\"\/en\/wp-json\/wp\/v2\/pages\/5562\" \/>        <input type=\"hidden\" id=\"g-recaptcha-response\" name=\"g-recaptcha-response\">\n        <input type=\"hidden\" name=\"action\" value=\"contact_form_submission\">\n\n        <button type=\"submit\" class=\"btn btn-secondary\">\n            Send        <\/button>\n      <\/form>\n      <div class=\"awsm-application-message\" style=\"display: none;\"><\/div>\n    <\/div>\n<\/section>\n\n\n\n<div style=\"height:50px\" aria-hidden=\"true\" class=\"wp-block-spacer\"><\/div>\n\n\n\n\n  <section data-aos=\"fade-up\" id=\"map\" data-google-api-key=\"AIzaSyAfLSeuS9TZO0OFuKspfw3lvWKuV-EpnsM\">\n  <\/section>\n\n","protected":false},"excerpt":{"rendered":"","protected":false},"author":1,"featured_media":0,"parent":0,"menu_order":98,"comment_status":"closed","ping_status":"closed","template":"","meta":{"inline_featured_image":false,"footnotes":""},"class_list":["post-5562","page","type-page","status-publish","hentry"],"yoast_head":"<!-- This site is optimized with the Yoast SEO plugin v25.0 - https:\/\/yoast.com\/wordpress\/plugins\/seo\/ -->\n<title>For any special request or information, contact us<\/title>\n<meta name=\"description\" content=\"Special groups, professionals in the field or requests for information, contact our teams by filling out the contact form.\" \/>\n<meta name=\"robots\" content=\"index, follow, max-snippet:-1, max-image-preview:large, max-video-preview:-1\" \/>\n<link rel=\"canonical\" href=\"https:\/\/www.agadir-oufella.ma\/en\/contact-us\/\" \/>\n<meta property=\"og:locale\" content=\"en_US\" \/>\n<meta property=\"og:type\" content=\"article\" \/>\n<meta property=\"og:title\" content=\"For any special request or information, contact us\" \/>\n<meta property=\"og:description\" content=\"Special groups, professionals in the field or requests for information, contact our teams by filling out the contact form.\" \/>\n<meta property=\"og:url\" content=\"https:\/\/www.agadir-oufella.ma\/en\/contact-us\/\" \/>\n<meta property=\"og:site_name\" content=\"Kasbah of Agadir Oufella\" \/>\n<meta property=\"article:modified_time\" content=\"2022-09-19T16:02:44+00:00\" \/>\n<meta name=\"twitter:card\" content=\"summary_large_image\" \/>\n<script type=\"application\/ld+json\" class=\"yoast-schema-graph\">{\"@context\":\"https:\/\/schema.org\",\"@graph\":[{\"@type\":\"WebPage\",\"@id\":\"https:\/\/www.agadir-oufella.ma\/en\/contact-us\/\",\"url\":\"https:\/\/www.agadir-oufella.ma\/en\/contact-us\/\",\"name\":\"For any special request or information, contact us\",\"isPartOf\":{\"@id\":\"https:\/\/www.agadir-oufella.ma\/fr\/#website\"},\"datePublished\":\"2022-07-22T08:15:31+00:00\",\"dateModified\":\"2022-09-19T16:02:44+00:00\",\"description\":\"Special groups, professionals in the field or requests for information, contact our teams by filling out the contact form.\",\"breadcrumb\":{\"@id\":\"https:\/\/www.agadir-oufella.ma\/en\/contact-us\/#breadcrumb\"},\"inLanguage\":\"en-US\",\"potentialAction\":[{\"@type\":\"ReadAction\",\"target\":[\"https:\/\/www.agadir-oufella.ma\/en\/contact-us\/\"]}]},{\"@type\":\"BreadcrumbList\",\"@id\":\"https:\/\/www.agadir-oufella.ma\/en\/contact-us\/#breadcrumb\",\"itemListElement\":[{\"@type\":\"ListItem\",\"position\":1,\"name\":\"Accueil\",\"item\":\"https:\/\/www.agadir-oufella.ma\/en\/\"},{\"@type\":\"ListItem\",\"position\":2,\"name\":\"Contact us\"}]},{\"@type\":\"WebSite\",\"@id\":\"https:\/\/www.agadir-oufella.ma\/fr\/#website\",\"url\":\"https:\/\/www.agadir-oufella.ma\/fr\/\",\"name\":\"Kasbah of Agadir Oufella\",\"description\":\"\",\"publisher\":{\"@id\":\"https:\/\/www.agadir-oufella.ma\/fr\/#organization\"},\"potentialAction\":[{\"@type\":\"SearchAction\",\"target\":{\"@type\":\"EntryPoint\",\"urlTemplate\":\"https:\/\/www.agadir-oufella.ma\/fr\/?s={search_term_string}\"},\"query-input\":{\"@type\":\"PropertyValueSpecification\",\"valueRequired\":true,\"valueName\":\"search_term_string\"}}],\"inLanguage\":\"en-US\"},{\"@type\":\"Organization\",\"@id\":\"https:\/\/www.agadir-oufella.ma\/fr\/#organization\",\"name\":\"Kasbah of Agadir Oufella\",\"url\":\"https:\/\/www.agadir-oufella.ma\/fr\/\",\"logo\":{\"@type\":\"ImageObject\",\"inLanguage\":\"en-US\",\"@id\":\"https:\/\/www.agadir-oufella.ma\/fr\/#\/schema\/logo\/image\/\",\"url\":\"https:\/\/www.agadir-oufella.ma\/wp-content\/uploads\/2023\/09\/LOGOAGOF.svg\",\"contentUrl\":\"https:\/\/www.agadir-oufella.ma\/wp-content\/uploads\/2023\/09\/LOGOAGOF.svg\",\"width\":150,\"height\":150,\"caption\":\"Kasbah of Agadir Oufella\"},\"image\":{\"@id\":\"https:\/\/www.agadir-oufella.ma\/fr\/#\/schema\/logo\/image\/\"}}]}<\/script>\n<!-- \/ Yoast SEO plugin. -->","yoast_head_json":{"title":"For any special request or information, contact us","description":"Special groups, professionals in the field or requests for information, contact our teams by filling out the contact form.","robots":{"index":"index","follow":"follow","max-snippet":"max-snippet:-1","max-image-preview":"max-image-preview:large","max-video-preview":"max-video-preview:-1"},"canonical":"https:\/\/www.agadir-oufella.ma\/en\/contact-us\/","og_locale":"en_US","og_type":"article","og_title":"For any special request or information, contact us","og_description":"Special groups, professionals in the field or requests for information, contact our teams by filling out the contact form.","og_url":"https:\/\/www.agadir-oufella.ma\/en\/contact-us\/","og_site_name":"Kasbah of Agadir Oufella","article_modified_time":"2022-09-19T16:02:44+00:00","twitter_card":"summary_large_image","schema":{"@context":"https:\/\/schema.org","@graph":[{"@type":"WebPage","@id":"https:\/\/www.agadir-oufella.ma\/en\/contact-us\/","url":"https:\/\/www.agadir-oufella.ma\/en\/contact-us\/","name":"For any special request or information, contact us","isPartOf":{"@id":"https:\/\/www.agadir-oufella.ma\/fr\/#website"},"datePublished":"2022-07-22T08:15:31+00:00","dateModified":"2022-09-19T16:02:44+00:00","description":"Special groups, professionals in the field or requests for information, contact our teams by filling out the contact form.","breadcrumb":{"@id":"https:\/\/www.agadir-oufella.ma\/en\/contact-us\/#breadcrumb"},"inLanguage":"en-US","potentialAction":[{"@type":"ReadAction","target":["https:\/\/www.agadir-oufella.ma\/en\/contact-us\/"]}]},{"@type":"BreadcrumbList","@id":"https:\/\/www.agadir-oufella.ma\/en\/contact-us\/#breadcrumb","itemListElement":[{"@type":"ListItem","position":1,"name":"Accueil","item":"https:\/\/www.agadir-oufella.ma\/en\/"},{"@type":"ListItem","position":2,"name":"Contact us"}]},{"@type":"WebSite","@id":"https:\/\/www.agadir-oufella.ma\/fr\/#website","url":"https:\/\/www.agadir-oufella.ma\/fr\/","name":"Kasbah of Agadir Oufella","description":"","publisher":{"@id":"https:\/\/www.agadir-oufella.ma\/fr\/#organization"},"potentialAction":[{"@type":"SearchAction","target":{"@type":"EntryPoint","urlTemplate":"https:\/\/www.agadir-oufella.ma\/fr\/?s={search_term_string}"},"query-input":{"@type":"PropertyValueSpecification","valueRequired":true,"valueName":"search_term_string"}}],"inLanguage":"en-US"},{"@type":"Organization","@id":"https:\/\/www.agadir-oufella.ma\/fr\/#organization","name":"Kasbah of Agadir Oufella","url":"https:\/\/www.agadir-oufella.ma\/fr\/","logo":{"@type":"ImageObject","inLanguage":"en-US","@id":"https:\/\/www.agadir-oufella.ma\/fr\/#\/schema\/logo\/image\/","url":"https:\/\/www.agadir-oufella.ma\/wp-content\/uploads\/2023\/09\/LOGOAGOF.svg","contentUrl":"https:\/\/www.agadir-oufella.ma\/wp-content\/uploads\/2023\/09\/LOGOAGOF.svg","width":150,"height":150,"caption":"Kasbah of Agadir Oufella"},"image":{"@id":"https:\/\/www.agadir-oufella.ma\/fr\/#\/schema\/logo\/image\/"}}]}},"_links":{"self":[{"href":"https:\/\/www.agadir-oufella.ma\/en\/wp-json\/wp\/v2\/pages\/5562","targetHints":{"allow":["GET"]}}],"collection":[{"href":"https:\/\/www.agadir-oufella.ma\/en\/wp-json\/wp\/v2\/pages"}],"about":[{"href":"https:\/\/www.agadir-oufella.ma\/en\/wp-json\/wp\/v2\/types\/page"}],"author":[{"embeddable":true,"href":"https:\/\/www.agadir-oufella.ma\/en\/wp-json\/wp\/v2\/users\/1"}],"replies":[{"embeddable":true,"href":"https:\/\/www.agadir-oufella.ma\/en\/wp-json\/wp\/v2\/comments?post=5562"}],"version-history":[{"count":11,"href":"https:\/\/www.agadir-oufella.ma\/en\/wp-json\/wp\/v2\/pages\/5562\/revisions"}],"predecessor-version":[{"id":6930,"href":"https:\/\/www.agadir-oufella.ma\/en\/wp-json\/wp\/v2\/pages\/5562\/revisions\/6930"}],"wp:attachment":[{"href":"https:\/\/www.agadir-oufella.ma\/en\/wp-json\/wp\/v2\/media?parent=5562"}],"curies":[{"name":"wp","href":"https:\/\/api.w.org\/{rel}","templated":true}]}}