
{"id":10148,"date":"2023-06-12T13:45:28","date_gmt":"2023-06-12T12:45:28","guid":{"rendered":"https:\/\/www.agadir-oufella.ma\/?page_id=10148"},"modified":"2025-08-18T13:31:09","modified_gmt":"2025-08-18T12:31:09","slug":"conditions-generales-de-vente","status":"publish","type":"page","link":"https:\/\/www.agadir-oufella.ma\/fr\/conditions-generales-de-vente\/","title":{"rendered":"CGV"},"content":{"rendered":"<section class=\"topbar\">\n    <picture>\n                  <img loading=\"lazy\" decoding=\"async\" src=\"https:\/\/www.agadir-oufella.ma\/wp-content\/uploads\/2022\/07\/topbar.jpg\" alt=\"Kasbah d'Agadir Oufella\" width=\"1920\" height=\"297\" \/>\n            <\/picture>\n<\/section>\n<ol class=\"breadcrumb\" itemscope itemtype=\"http:\/\/schema.org\/BreadcrumbList\"><li itemprop=\"itemListElement\" itemscope itemtype=\"http:\/\/schema.org\/ListItem\"><a itemprop=\"item\" href=\"https:\/\/www.agadir-oufella.ma\/fr\/\">Accueil<span itemprop='name'>  <\/span><\/a><span itemprop='position' content='1'>&gt;<\/span><\/li><\/ol>\n\n<section class=\"intro\" data-aos=\"fade-up\">\n        <h1> Conditions g\u00e9n\u00e9rales de vente <\/h1>\n        <div >\n        <p><b><\/b><br \/>\nVous venez de vous connecter sur le site <a href=\"www.agadir-oufella.ma\"><u>www.agadir-oufella.ma<\/u><\/a> de la Soci\u00e9t\u00e9 de D\u00e9veloppement Touristique Souss Massa S. A, soci\u00e9t\u00e9 anonyme au capital de 21 500 000,00 dirhams.<\/p>\n<p>Vous devez lire attentivement les dispositions qui vont suivre car elles constituent un contact \u00e9tablissant les conditions g\u00e9n\u00e9rales des produits et services du catalogue (ou de la boutique) \u00e9lectronique de la Soci\u00e9t\u00e9 de D\u00e9veloppement Touristique Souss Massa S. A.<\/p>\n<p>Le \u00ab clic \u00bb que vous ex\u00e9cuterez apr\u00e8s avoir rempli votre bon de commande constitue la validation de votre commande et vaudra acceptation irr\u00e9vocable des pr\u00e9sentes conditions g\u00e9n\u00e9rales.<\/p>\n<p>En cons\u00e9quence, vous ne pouvez commander des produits ou services que si vous acceptez les conditions pr\u00e9vues ci-dessous.<\/p>\n    <\/div>\n<\/section>\n\n\n\n\n<section class=\"texte-titre\" data-aos=\"fade-up\">\n\t<div class=\"wrapper\">\n    \t\t  <h2> 1- Pr\u00e9ambule <\/h2>\n    \t\t<p><b><\/b><br \/>\nLes conditions g\u00e9n\u00e9rales de vente suivantes r\u00e9gissent l&rsquo;ensemble des transactions \u00e9tablies sur le catalogue web de Soci\u00e9t\u00e9 de D\u00e9veloppement Touristique Souss Massa S. A. Toute commande pass\u00e9e sur ce site suppose du client son acceptation inconditionnelle et irr\u00e9vocable de ces conditions.<\/p>\n\t<\/div>\n<\/section>\n\n\n\n<section class=\"texte-titre\" data-aos=\"fade-up\">\n\t<div class=\"wrapper\">\n    \t\t  <h2> 2- Objet <\/h2>\n    \t\t<p><b><\/b><br \/>\nLe pr\u00e9sent contrat est un contrat \u00e0 distance qui a pour objet de d\u00e9finir les droits et obligations des parties dans le cadre de la vente des produits de la soci\u00e9t\u00e9 Soci\u00e9t\u00e9 de D\u00e9veloppement Touristique Souss Massa S. A, sur Internet. <a href=\"www.agadir-oufella.ma\"><u>www.agadir-oufella.ma<\/u><\/a> est un service et une marque d\u00e9pos\u00e9e par Soci\u00e9t\u00e9 de D\u00e9veloppement Touristique Souss Massa S. A.<\/p>\n\t<\/div>\n<\/section>\n\n\n\n<section class=\"texte-titre\" data-aos=\"fade-up\">\n\t<div class=\"wrapper\">\n    \t\t  <h2> 3- D\u00e9finitions <\/h2>\n    \t\t<p><b><\/b><br \/>\nDans la suite du contrat, chacune des expressions mentionn\u00e9es ci-dessus s\u2019entendra au sens de sa d\u00e9finition, \u00e0 savoir :<\/p>\n<h3>Contrat \u00e0 distance<\/h3>\n<p>tout contrat concernant des biens ou services entre la Soci\u00e9t\u00e9 Soci\u00e9t\u00e9 de D\u00e9veloppement Touristique Souss Massa S. A et un Consommateur dans le cadre d\u2019un syst\u00e8me de vente ou de prestations de service \u00e0 distance organis\u00e9 par la Soci\u00e9t\u00e9 Soci\u00e9t\u00e9 de D\u00e9veloppement Touristique Souss Massa S. A qui, pour ce contrat, utilise exclusivement le r\u00e9seau Internet jusqu\u2019\u00e0 la conclusion du contrat, y compris la conclusion du contrat elle-m\u00eame.<\/p>\n<h3>Consommateur<\/h3>\n<p>toute personne physique qui, dans le pr\u00e9sent contrat, agit \u00e0 des fins qui n\u2019entrent pas dans le cadre de son activit\u00e9 professionnelle.<\/p>\n<h3>Commande<\/h3>\n<p>acte par lequel le Consommateur s\u2019engage \u00e0 acheter des Produits et la Soci\u00e9t\u00e9 Soci\u00e9t\u00e9 de D\u00e9veloppement Touristique Souss Massa S. A.<\/p>\n\t<\/div>\n<\/section>\n\n\n\n<section class=\"texte-titre\" data-aos=\"fade-up\">\n\t<div class=\"wrapper\">\n    \t\t  <h2> 4- Dispositions g\u00e9n\u00e9rales <\/h2>\n    \t\t<p><b><\/b><\/p>\n<h3>Soci\u00e9t\u00e9<\/h3>\n<p>Soci\u00e9t\u00e9 de D\u00e9veloppement Touristique Souss Massa S. A, soci\u00e9t\u00e9 anonyme au capital social de<br \/>\n21 500 000,00 dirhams, immatricul\u00e9e au registre du commerce d\u2019Agadir sous le num\u00e9ro 39225, dont le si\u00e8ge social dont le si\u00e8ge social est situ\u00e9 \u00e0 (N\u00b0A208, 2 -\u00e8me \u00e9tage Immeuble de l\u2019avocat 2 haut Founty<\/p>\n<h3>Acceptation<\/h3>\n<p>Le Consommateur d\u00e9clare avoir pris connaissance des Conditions G\u00e9n\u00e9rales de Vente avant de passer commande et les avoir accept\u00e9es sans r\u00e9serve.<\/p>\n<h3>Modification des conditions g\u00e9n\u00e9rales de vente<\/h3>\n<p>La Soci\u00e9t\u00e9 Soci\u00e9t\u00e9 de D\u00e9veloppement Touristique Souss Massa S. A se r\u00e9serve la facult\u00e9 de modifier les pr\u00e9sentes Conditions G\u00e9n\u00e9rales de Vente \u00e0 tout moment. Les Conditions G\u00e9n\u00e9rales de Vente applicables sont celles en vigueur \u00e0 la date de la commande pass\u00e9e par le Consommateur.<\/p>\n\t<\/div>\n<\/section>\n\n\n\n<section class=\"texte-titre\" data-aos=\"fade-up\">\n\t<div class=\"wrapper\">\n    \t\t  <h2> 5- Commandes <\/h2>\n    \t\t<p><b><\/b><\/p>\n<h3>Caract\u00e8re d\u00e9finitif de la commande<\/h3>\n<p>Les commandes effectu\u00e9es sur le site web valent engagement ferme et d\u00e9finitif, et apr\u00e8s confirmation de ladite commande par la soci\u00e9t\u00e9 Soci\u00e9t\u00e9 de D\u00e9veloppement Touristique Souss Massa S. A par voie de courrier \u00e9lectronique \u00e0 l\u2019adresse email communiqu\u00e9e par le membre.<\/p>\n<h3>Modification de la commande<\/h3>\n<p>Les commandes \u00e9tant d\u00e9finitives et irr\u00e9vocables, toute demande de modification faite par le Consommateur est soumise \u00e0 l\u2019acceptation de la soci\u00e9t\u00e9 Soci\u00e9t\u00e9 de D\u00e9veloppement Touristique Souss Massa S. A.<\/p>\n<h3>Validit\u00e9 de la commande<\/h3>\n<p>La soci\u00e9t\u00e9 Soci\u00e9t\u00e9 de D\u00e9veloppement Touristique Souss Massa S. A se r\u00e9serve le droit de refuser toute commande pour des motifs l\u00e9gitimes et plus particuli\u00e8rement dans le cas o\u00f9 les quantit\u00e9s command\u00e9es sont anormalement \u00e9lev\u00e9es par rapport aux quantit\u00e9s habituellement command\u00e9es par les consommateurs.<\/p>\n\t<\/div>\n<\/section>\n\n\n\n<section class=\"texte-titre\" data-aos=\"fade-up\">\n\t<div class=\"wrapper\">\n    \t\t  <h2> 6- Le prix des commandes <\/h2>\n    \t\t<p><b><\/b><br \/>\nLe prix est exprim\u00e9 en DIRHAMS. Le prix indiqu\u00e9 dans la confirmation de commande est le prix d\u00e9finitif, exprim\u00e9 en toutes taxes comprises;<\/p>\n\t<\/div>\n<\/section>\n\n\n\n<section class=\"texte-titre\" data-aos=\"fade-up\">\n\t<div class=\"wrapper\">\n    \t\t  <h2> 7- Remise des billets <\/h2>\n    \t\t<p><b><\/b><br \/>\nLa remise du billet est effectu\u00e9e par voie \u00e9lectronique, il est imprimable \u00e0 domicile et pourvus d\u2019un code barre unique. Il est impossible d&rsquo;\u00eatre admis \u00e0 l&rsquo;entr\u00e9e plusieurs fois avec le m\u00eame billet. La reproduction de billets est interdite et ne vous procurera aucun avantage. Seule la premi\u00e8re personne \u00e0 pr\u00e9senter le billet sera admise.<br \/>\n<b><\/b><br \/>\nVos billets imprimables \u00e0 domicile sont disponibles en permanence jusqu&rsquo;\u00e0 la date de l&rsquo;\u00e9v\u00e8nement sur le site internet sur la rubrique \u00ab Mes Commandes \u00bb<br \/>\n<b><\/b><br \/>\nL&rsquo;acheteur des billets prend toutes les mesures de pr\u00e9caution requises pour conserver secret son mot de passe et pour emp\u00eacher toute utilisation par des personnes non autoris\u00e9es ou toute infraction.<br \/>\n<b><\/b><br \/>\nEn tout \u00e9tat de cause, la soci\u00e9t\u00e9 Soci\u00e9t\u00e9 de D\u00e9veloppement Touristique Souss Massa S. A ne peut \u00eatre tenu pour responsable de la non-remise du billet au membre, si cette non-remise est due \u00e0 la communication d\u2019informations erron\u00e9es par le consommateur.<br \/>\n<b><\/b><br \/>\nLorsque le billet est envoy\u00e9 \u00e0 l\u2019adresse indiqu\u00e9e par le Consommateur, il lui appartient de v\u00e9rifier la nature du billet envoy\u00e9 et, en cas d\u2019erreur, d\u2019\u00e9mettre des r\u00e9serves, \u00e9ventuellement de refuser le billet, et d\u2019en avertir la soci\u00e9t\u00e9 Soci\u00e9t\u00e9 de D\u00e9veloppement Touristique Souss Massa S. A dans un d\u00e9lai de 48h.<\/p>\n\t<\/div>\n<\/section>\n\n\n\n<section class=\"texte-titre\" data-aos=\"fade-up\">\n\t<div class=\"wrapper\">\n    \t\t  <h2> 8- Annulation, Remboursement, Utilisation <\/h2>\n    \t\t<p><b><\/b><br \/>\nLes billets achet\u00e9s ne font pas l&rsquo;objet d&rsquo;un droit de r\u00e9tractation<br \/>\n<b><\/b><br \/>\nUn billet ne peut \u00eatre rembours\u00e9 m\u00eame en cas de perte ou de vol, ni repris, ni \u00e9chang\u00e9. En cas d\u2019annulation de billets pour des raisons exceptionnelles (fermeture exceptionnelle), seul le prix du billet sera rembours\u00e9. Ce remboursement n&rsquo;interviendra qu&rsquo;en faveur de l&rsquo;acqu\u00e9reur initial contre remise du billet.<br \/>\n<b><\/b><br \/>\nAucun duplicata du billet ne pourra \u00eatre d\u00e9livr\u00e9 y compris en cas de perte ou de vol.<br \/>\nLors du contr\u00f4le \u00e0 l&rsquo;entr\u00e9e de la Kasbah, une pi\u00e8ce d&rsquo;identit\u00e9, avec photo, en cours de validit\u00e9 pourra vous \u00eatre demand\u00e9e et elle devra correspondre au nom inscrit sur le billet.<br \/>\n<b><\/b><br \/>\n\u00c0 l&rsquo;annonce de l&rsquo;annulation ou d&rsquo;une modification de date, d&rsquo;horaire ou de lieu pour lequel vous avez r\u00e9serv\u00e9 votre billet, vous acceptez que la soci\u00e9t\u00e9 Soci\u00e9t\u00e9 de D\u00e9veloppement Touristique Souss Massa S. A, dans la mesure du possible, puisse utiliser les coordonn\u00e9es que vous avez saisies lors de la r\u00e9servation pour vous tenir inform\u00e9s de la marche \u00e0 suivre.<\/p>\n\t<\/div>\n<\/section>\n\n\n\n<section class=\"texte-titre\" data-aos=\"fade-up\">\n\t<div class=\"wrapper\">\n    \t\t  <h2> 9- Valeur <\/h2>\n    \t\t<p><b><\/b><br \/>\nLa valeur des Bons d\u2019achat est celle en vigueur au jour de la confirmation de la commande par le Consommateur telle que mentionn\u00e9e \u00e0 l\u2019article 5.1 ci-dessus.<\/p>\n\t<\/div>\n<\/section>\n\n\n\n<section class=\"texte-titre\" data-aos=\"fade-up\">\n\t<div class=\"wrapper\">\n    \t\t  <h2> 10- Consignation de la valeur du Bon d\u2019achat <\/h2>\n    \t\t<p><b><\/b><\/p>\n<h3>Exigibilit\u00e9<\/h3>\n<p>La consignation de la valeur du billet est effectu\u00e9e \u00e0 la commande, une fois que celle-ci a \u00e9t\u00e9 confirm\u00e9e par la soci\u00e9t\u00e9 Soci\u00e9t\u00e9 de D\u00e9veloppement Touristique Souss Massa S. A.<\/p>\n<h3>Moyens de paiement<\/h3>\n<p>Le Membre dispose d\u2019un seul mode de paiement\u00a0:<br \/>\n<b><\/b><br \/>\n&#8211; <b>Par cartes bancaires : <\/b> La soci\u00e9t\u00e9 Soci\u00e9t\u00e9 de D\u00e9veloppement Touristique Souss Massa S. A accepte les cartes bancaires marocaines et internationales sur son site Internet. Le paiement s\u2019effectue via la plateforme Payzone.<br \/>\n<b><\/b><br \/>\nCette solution est certifi\u00e9e par le centre mon\u00e9tique interbancaire et 100% s\u00e9curis\u00e9e.<\/p>\n\t<\/div>\n<\/section>\n\n\n\n<section class=\"texte-titre\" data-aos=\"fade-up\">\n\t<div class=\"wrapper\">\n    \t\t  <h2> 11- R\u00e8glement des litiges, droit applicable et juridiction comp\u00e9tente <\/h2>\n    \t\t<p>&nbsp;<\/p>\n<h3>R\u00e9clamation<\/h3>\n<p>Toute r\u00e9clamation doit \u00eatre adress\u00e9e au service consommateurs de la soci\u00e9t\u00e9 Soci\u00e9t\u00e9 de D\u00e9veloppement Touristique Souss Massa S. A.<br \/>\n<b><\/b><br \/>\nContactez-nous sur <u>contact@agadir-oufella.ma<\/u><\/p>\n<h3>Droit applicable et juridiction comp\u00e9tente<\/h3>\n<p>Les Conditions G\u00e9n\u00e9rales de Commercialisation sont r\u00e9gies par le droit marocain. Tout litige relatif \u00e0 la commande ou aux pr\u00e9sentes Conditions G\u00e9n\u00e9rales de Vente sera soumis au tribunal comp\u00e9tent.<\/p>\n\t<\/div>\n<\/section>\n\n\n\n<section class=\"texte-titre\" data-aos=\"fade-up\">\n\t<div class=\"wrapper\">\n    \t\t  <h2> 12- Informatique et libert\u00e9s <\/h2>\n    \t\t<p><b><\/b><br \/>\nLes informations recueillies sur le site <a href=\"www.agadir-oufella.ma\"><u>www.agadir-oufella.ma<\/u><\/a>\u00a0font l\u2019objet d\u2019un traitement destin\u00e9 \u00e0 assurer le traitement de la r\u00e9servation du consommateur, ainsi que pour renforcer et personnaliser la communication notamment par lettres\/courriers \u00e9lectroniques d\u2019information, et enfin pour personnaliser son site web en fonction des pr\u00e9f\u00e9rences constat\u00e9es des consommateurs.<br \/>\n<b><\/b><br \/>\nLes donn\u00e9es personnelles communiqu\u00e9es par le consommateur sont destin\u00e9es \u00e0 la  Soci\u00e9t\u00e9 de D\u00e9veloppement Touristique Souss Massa S. A ainsi qu\u2019\u00e0 la Soci\u00e9t\u00e9 de D\u00e9veloppement Touristique Souss Massa. Ils s\u2019engagent \u00e0 respecter la confidentialit\u00e9 de ces donn\u00e9es personnelles et \u00e0 ne les communiquer \u00e0 aucun parti tiers.<br \/>\n<b><\/b><br \/>\nLors de sa r\u00e9servation, le consommateur pourra accepter de recevoir de la part de la Soci\u00e9t\u00e9 de D\u00e9veloppement Touristique Souss Massa S. A ou de la part de la Soci\u00e9t\u00e9 de D\u00e9veloppement Touristique Souss Massa, des informations, des promotions, des propositions commerciales ou tous types de messages publicitaires de leurs partenaires et ce par le biais d\u2019envoi d\u2019e-mail ou de sms envoy\u00e9s directement par leurs partenaires commerciaux. Le consommateur aura la possibilit\u00e9 de se d\u00e9sinscrire d\u00e8s qu\u2019il le souhaite.<br \/>\n<b><\/b><br \/>\nConform\u00e9ment \u00e0 la loi n\u00b0 09-08 promulgu\u00e9e par le Dahir 1-09-15 du 18 f\u00e9vrier 2009, relative \u00e0 la protection des personnes physiques \u00e0 l&rsquo;\u00e9gard du traitement des donn\u00e9es \u00e0 caract\u00e8re personnel, vous b\u00e9n\u00e9ficiez d\u2019un droit d\u2019acc\u00e8s et de rectification aux informations qui vous concernent, que vous pouvez exercer en vous adressant \u00e0 : <a href=\"mailto:daf@sdrt-sm.ma\"><u>daf@sdrt-sm.ma<\/u><\/a>.<br \/>\n<b><\/b><br \/>\nVous pouvez \u00e9galement, pour des motifs l\u00e9gitimes, vous opposer \u00e0 ce que les donn\u00e9es qui vous concernent fassent l\u2019objet d\u2019un traitement.<\/p>\n\t<\/div>\n<\/section>\n\n\n\n<section class=\"texte-titre\" data-aos=\"fade-up\">\n\t<div class=\"wrapper\">\n    \t\t  <h2> 13- Confidentialit\u00e9 et utilisation des donn\u00e9es <\/h2>\n    \t\t<p><b><\/b><br \/>\nLes informations recueillies sur le site <a href=\"www.agadir-oufella.ma\"><u>www.agadir-oufella.ma<\/u><\/a> font l\u2019objet d\u2019un traitement destin\u00e9 \u00e0 :<\/p>\n<ul>\n<li>associer un acheteur \u00e0 un billet achet\u00e9\u00a0;<\/li>\n<li>identifier un acheteur particulier pour des demande de remboursement ou annulation\u00a0;<\/li>\n<li>suivre l&rsquo;\u00e9volution des volumes de vente de billets.<\/li>\n<\/ul>\n<p>Les destinataires des donn\u00e9es sont :<\/p>\n<ul>\n<li>Service financier<\/li>\n<li>Service marketing<\/li>\n<li>Direction g\u00e9n\u00e9rale<\/li>\n<\/ul>\n<p>Relative \u00e0 la protection des personnes physiques \u00e0 l&rsquo;\u00e9gard du traitement des donn\u00e9es \u00e0 caract\u00e8re personnel, vous b\u00e9n\u00e9ficiez d\u2019un droit d\u2019acc\u00e8s et de rectification aux informations qui vous concernent, que vous pouvez exercer en vous adressant \u00e0 : <a href=\"mailto:daf@sdrt-sm.ma\"><u>daf@sdrt-sm.ma<\/u><\/a><\/p>\n\t<\/div>\n<\/section>\n\n\n\n<section class=\"texte-titre\" data-aos=\"fade-up\">\n\t<div class=\"wrapper\">\n    \t\t  <h2> 14- Suppression des donn\u00e9es <\/h2>\n    \t\t<p><b><\/b><br \/>\nNous prenons tr\u00e8s au s\u00e9rieux la confidentialit\u00e9 des donn\u00e9es de nos utilisateurs. Nous nous engageons \u00e0 respecter les lois et r\u00e9glementations en mati\u00e8re de protection des donn\u00e9es personnelles.<br \/>\n<b><\/b><br \/>\nCette politique de confidentialit\u00e9 explique comment nous traitons la suppression des donn\u00e9es personnelles de nos utilisateurs.<br \/>\n<b><\/b><br \/>\nNous conserverons vos donn\u00e9es personnelles aussi longtemps que n\u00e9cessaire pour fournir nos services conform\u00e9ment \u00e0 nos obligations l\u00e9gales, r\u00e9glementaires et contractuelles. Lorsque nous n&rsquo;avons plus besoin de vos donn\u00e9es personnelles, nous les supprimerons de nos syst\u00e8mes.<br \/>\n<b><\/b><br \/>\nSi vous souhaitez que nous supprimions vos donn\u00e9es personnelles, veuillez nous contacter \u00e0 l&rsquo;adresse <a href=\"mailto:daf@sdrt-sm.ma\"><u>daf@sdrt-sm.ma<\/u><\/a>, nous prendrons toutes les mesures raisonnables pour supprimer vos donn\u00e9es personnelles dans un d\u00e9lai raisonnable.<\/p>\n\t<\/div>\n<\/section>\n\n\n\n<section class=\"texte-titre\" data-aos=\"fade-up\">\n\t<div class=\"wrapper\">\n    \t\t  <h2> 15- Force majeure <\/h2>\n    \t\t<p><b><\/b><br \/>\nLa soci\u00e9t\u00e9 Soci\u00e9t\u00e9 de D\u00e9veloppement Touristique Souss Massa S. A n\u2019est tenue pour l\u2019ex\u00e9cution de ses obligations que dans la mesure o\u00f9 aucun \u00e9v\u00e9nement de force majeure ne vient les entraver.<\/p>\n\t<\/div>\n<\/section>\n\n\n\n<div style=\"height:100px\" aria-hidden=\"true\" class=\"wp-block-spacer\"><\/div>\n\n\n\n<div style=\"height:20px\" aria-hidden=\"true\" class=\"wp-block-spacer\"><\/div>\n","protected":false},"excerpt":{"rendered":"","protected":false},"author":1,"featured_media":0,"parent":0,"menu_order":2,"comment_status":"closed","ping_status":"closed","template":"","meta":{"inline_featured_image":false,"footnotes":""},"class_list":["post-10148","page","type-page","status-publish","hentry"],"yoast_head":"<!-- This site is optimized with the Yoast SEO plugin v25.0 - https:\/\/yoast.com\/wordpress\/plugins\/seo\/ -->\n<title>CGV - Kasbah d&#039;Agadir Oufella<\/title>\n<meta name=\"description\" content=\"Conditions g\u00e9n\u00e9rales de vente qui d\u00e9finissent les r\u00e8gles et les modalit\u00e9s de nos transactions commerciales.\" \/>\n<meta name=\"robots\" content=\"index, follow, max-snippet:-1, max-image-preview:large, max-video-preview:-1\" \/>\n<link rel=\"canonical\" href=\"https:\/\/www.agadir-oufella.ma\/fr\/conditions-generales-de-vente\/\" \/>\n<meta property=\"og:locale\" content=\"fr_FR\" \/>\n<meta property=\"og:type\" content=\"article\" \/>\n<meta property=\"og:title\" content=\"CGV - Kasbah d&#039;Agadir Oufella\" \/>\n<meta property=\"og:description\" content=\"Conditions g\u00e9n\u00e9rales de vente qui d\u00e9finissent les r\u00e8gles et les modalit\u00e9s de nos transactions commerciales.\" \/>\n<meta property=\"og:url\" content=\"https:\/\/www.agadir-oufella.ma\/fr\/conditions-generales-de-vente\/\" \/>\n<meta property=\"og:site_name\" content=\"Kasbah d&#039;Agadir Oufella\" \/>\n<meta property=\"article:modified_time\" content=\"2025-08-18T12:31:09+00:00\" \/>\n<meta name=\"twitter:card\" content=\"summary_large_image\" \/>\n<script type=\"application\/ld+json\" class=\"yoast-schema-graph\">{\"@context\":\"https:\/\/schema.org\",\"@graph\":[{\"@type\":\"WebPage\",\"@id\":\"https:\/\/www.agadir-oufella.ma\/fr\/conditions-generales-de-vente\/\",\"url\":\"https:\/\/www.agadir-oufella.ma\/fr\/conditions-generales-de-vente\/\",\"name\":\"CGV - Kasbah d&#039;Agadir Oufella\",\"isPartOf\":{\"@id\":\"https:\/\/www.agadir-oufella.ma\/fr\/#website\"},\"datePublished\":\"2023-06-12T12:45:28+00:00\",\"dateModified\":\"2025-08-18T12:31:09+00:00\",\"description\":\"Conditions g\u00e9n\u00e9rales de vente qui d\u00e9finissent les r\u00e8gles et les modalit\u00e9s de nos transactions commerciales.\",\"breadcrumb\":{\"@id\":\"https:\/\/www.agadir-oufella.ma\/fr\/conditions-generales-de-vente\/#breadcrumb\"},\"inLanguage\":\"fr-FR\",\"potentialAction\":[{\"@type\":\"ReadAction\",\"target\":[\"https:\/\/www.agadir-oufella.ma\/fr\/conditions-generales-de-vente\/\"]}]},{\"@type\":\"BreadcrumbList\",\"@id\":\"https:\/\/www.agadir-oufella.ma\/fr\/conditions-generales-de-vente\/#breadcrumb\",\"itemListElement\":[{\"@type\":\"ListItem\",\"position\":1,\"name\":\"Accueil\",\"item\":\"https:\/\/www.agadir-oufella.ma\/fr\/\"},{\"@type\":\"ListItem\",\"position\":2,\"name\":\"CGV\"}]},{\"@type\":\"WebSite\",\"@id\":\"https:\/\/www.agadir-oufella.ma\/fr\/#website\",\"url\":\"https:\/\/www.agadir-oufella.ma\/fr\/\",\"name\":\"Kasbah d&#039;Agadir Oufella\",\"description\":\"\",\"publisher\":{\"@id\":\"https:\/\/www.agadir-oufella.ma\/fr\/#organization\"},\"potentialAction\":[{\"@type\":\"SearchAction\",\"target\":{\"@type\":\"EntryPoint\",\"urlTemplate\":\"https:\/\/www.agadir-oufella.ma\/fr\/?s={search_term_string}\"},\"query-input\":{\"@type\":\"PropertyValueSpecification\",\"valueRequired\":true,\"valueName\":\"search_term_string\"}}],\"inLanguage\":\"fr-FR\"},{\"@type\":\"Organization\",\"@id\":\"https:\/\/www.agadir-oufella.ma\/fr\/#organization\",\"name\":\"Kasbah d&#039;Agadir Oufella\",\"url\":\"https:\/\/www.agadir-oufella.ma\/fr\/\",\"logo\":{\"@type\":\"ImageObject\",\"inLanguage\":\"fr-FR\",\"@id\":\"https:\/\/www.agadir-oufella.ma\/fr\/#\/schema\/logo\/image\/\",\"url\":\"https:\/\/www.agadir-oufella.ma\/wp-content\/uploads\/2023\/09\/LOGOAGOF.svg\",\"contentUrl\":\"https:\/\/www.agadir-oufella.ma\/wp-content\/uploads\/2023\/09\/LOGOAGOF.svg\",\"width\":150,\"height\":150,\"caption\":\"Kasbah d&#039;Agadir Oufella\"},\"image\":{\"@id\":\"https:\/\/www.agadir-oufella.ma\/fr\/#\/schema\/logo\/image\/\"}}]}<\/script>\n<!-- \/ Yoast SEO plugin. -->","yoast_head_json":{"title":"CGV - Kasbah d&#039;Agadir Oufella","description":"Conditions g\u00e9n\u00e9rales de vente qui d\u00e9finissent les r\u00e8gles et les modalit\u00e9s de nos transactions commerciales.","robots":{"index":"index","follow":"follow","max-snippet":"max-snippet:-1","max-image-preview":"max-image-preview:large","max-video-preview":"max-video-preview:-1"},"canonical":"https:\/\/www.agadir-oufella.ma\/fr\/conditions-generales-de-vente\/","og_locale":"fr_FR","og_type":"article","og_title":"CGV - Kasbah d&#039;Agadir Oufella","og_description":"Conditions g\u00e9n\u00e9rales de vente qui d\u00e9finissent les r\u00e8gles et les modalit\u00e9s de nos transactions commerciales.","og_url":"https:\/\/www.agadir-oufella.ma\/fr\/conditions-generales-de-vente\/","og_site_name":"Kasbah d&#039;Agadir Oufella","article_modified_time":"2025-08-18T12:31:09+00:00","twitter_card":"summary_large_image","schema":{"@context":"https:\/\/schema.org","@graph":[{"@type":"WebPage","@id":"https:\/\/www.agadir-oufella.ma\/fr\/conditions-generales-de-vente\/","url":"https:\/\/www.agadir-oufella.ma\/fr\/conditions-generales-de-vente\/","name":"CGV - Kasbah d&#039;Agadir Oufella","isPartOf":{"@id":"https:\/\/www.agadir-oufella.ma\/fr\/#website"},"datePublished":"2023-06-12T12:45:28+00:00","dateModified":"2025-08-18T12:31:09+00:00","description":"Conditions g\u00e9n\u00e9rales de vente qui d\u00e9finissent les r\u00e8gles et les modalit\u00e9s de nos transactions commerciales.","breadcrumb":{"@id":"https:\/\/www.agadir-oufella.ma\/fr\/conditions-generales-de-vente\/#breadcrumb"},"inLanguage":"fr-FR","potentialAction":[{"@type":"ReadAction","target":["https:\/\/www.agadir-oufella.ma\/fr\/conditions-generales-de-vente\/"]}]},{"@type":"BreadcrumbList","@id":"https:\/\/www.agadir-oufella.ma\/fr\/conditions-generales-de-vente\/#breadcrumb","itemListElement":[{"@type":"ListItem","position":1,"name":"Accueil","item":"https:\/\/www.agadir-oufella.ma\/fr\/"},{"@type":"ListItem","position":2,"name":"CGV"}]},{"@type":"WebSite","@id":"https:\/\/www.agadir-oufella.ma\/fr\/#website","url":"https:\/\/www.agadir-oufella.ma\/fr\/","name":"Kasbah d&#039;Agadir Oufella","description":"","publisher":{"@id":"https:\/\/www.agadir-oufella.ma\/fr\/#organization"},"potentialAction":[{"@type":"SearchAction","target":{"@type":"EntryPoint","urlTemplate":"https:\/\/www.agadir-oufella.ma\/fr\/?s={search_term_string}"},"query-input":{"@type":"PropertyValueSpecification","valueRequired":true,"valueName":"search_term_string"}}],"inLanguage":"fr-FR"},{"@type":"Organization","@id":"https:\/\/www.agadir-oufella.ma\/fr\/#organization","name":"Kasbah d&#039;Agadir Oufella","url":"https:\/\/www.agadir-oufella.ma\/fr\/","logo":{"@type":"ImageObject","inLanguage":"fr-FR","@id":"https:\/\/www.agadir-oufella.ma\/fr\/#\/schema\/logo\/image\/","url":"https:\/\/www.agadir-oufella.ma\/wp-content\/uploads\/2023\/09\/LOGOAGOF.svg","contentUrl":"https:\/\/www.agadir-oufella.ma\/wp-content\/uploads\/2023\/09\/LOGOAGOF.svg","width":150,"height":150,"caption":"Kasbah d&#039;Agadir Oufella"},"image":{"@id":"https:\/\/www.agadir-oufella.ma\/fr\/#\/schema\/logo\/image\/"}}]}},"_links":{"self":[{"href":"https:\/\/www.agadir-oufella.ma\/fr\/wp-json\/wp\/v2\/pages\/10148","targetHints":{"allow":["GET"]}}],"collection":[{"href":"https:\/\/www.agadir-oufella.ma\/fr\/wp-json\/wp\/v2\/pages"}],"about":[{"href":"https:\/\/www.agadir-oufella.ma\/fr\/wp-json\/wp\/v2\/types\/page"}],"author":[{"embeddable":true,"href":"https:\/\/www.agadir-oufella.ma\/fr\/wp-json\/wp\/v2\/users\/1"}],"replies":[{"embeddable":true,"href":"https:\/\/www.agadir-oufella.ma\/fr\/wp-json\/wp\/v2\/comments?post=10148"}],"version-history":[{"count":39,"href":"https:\/\/www.agadir-oufella.ma\/fr\/wp-json\/wp\/v2\/pages\/10148\/revisions"}],"predecessor-version":[{"id":11997,"href":"https:\/\/www.agadir-oufella.ma\/fr\/wp-json\/wp\/v2\/pages\/10148\/revisions\/11997"}],"wp:attachment":[{"href":"https:\/\/www.agadir-oufella.ma\/fr\/wp-json\/wp\/v2\/media?parent=10148"}],"curies":[{"name":"wp","href":"https:\/\/api.w.org\/{rel}","templated":true}]}}