
{"id":54,"date":"2022-07-22T09:15:31","date_gmt":"2022-07-22T08:15:31","guid":{"rendered":"https:\/\/www.agadir-oufella.ma\/?page_id=54"},"modified":"2023-06-15T12:36:13","modified_gmt":"2023-06-15T11:36:13","slug":"contact","status":"publish","type":"page","link":"https:\/\/www.agadir-oufella.ma\/fr\/contact\/","title":{"rendered":"Contact"},"content":{"rendered":"<section class=\"topbar\">\n    <picture>\n                  <img loading=\"lazy\" decoding=\"async\" src=\"https:\/\/www.agadir-oufella.ma\/wp-content\/uploads\/2022\/07\/topbar.jpg\" alt=\"Kasbah d'Agadir Oufella\" width=\"1920\" height=\"297\" \/>\n            <\/picture>\n<\/section>\n<ol class=\"breadcrumb\" itemscope itemtype=\"http:\/\/schema.org\/BreadcrumbList\"><li itemprop=\"itemListElement\" itemscope itemtype=\"http:\/\/schema.org\/ListItem\"><a itemprop=\"item\" href=\"https:\/\/www.agadir-oufella.ma\/fr\/\">Accueil<span itemprop='name'>  <\/span><\/a><span itemprop='position' content='1'>&gt;<\/span><\/li><\/ol>\n\n\n<div style=\"height:15px\" aria-hidden=\"true\" class=\"wp-block-spacer\"><\/div>\n\n\n<section class=\"intro\" data-aos=\"fade-up\">\n        <h1> Comment nous contacter ? <\/h1>\n        <div >\n        <p>Si vous d\u00e9sirez en savoir plus sur la Kasbah Agadir Oufella ou si vous voulez plus d\u2019informations, contactez-nous via le renseignement du formulaire ci-dessous.<\/p>\n    <\/div>\n<\/section>\n\n\n\n<section class=\"ecrivez-nous\" data-aos=\"fade-up\">\n    <div class=\"wrapper\">\n      <form id=\"_contactform\" method=\"post\" autocomplete=\"off\">\n\n        <div class=\"row\">\n          <div class=\"form-control\">\n            <input oninvalid=\"this.setCustomValidity('Champs Nom est obligatoire')\" oninput=\"this.setCustomValidity('')\" value=\"\" name=\"last_name\" required \/>\n            <label>Nom *<\/label>\n          <\/div>\n          <div class=\"form-control\">\n            <input oninvalid=\"this.setCustomValidity('Champs Pr\u00e9nom est obligatoire')\" oninput=\"this.setCustomValidity('')\" value=\"\" name=\"name\" required \/>\n            <label>Pr\u00e9nom *<\/label>\n          <\/div>\n        <\/div>\n\n        <div class=\"row\">\n          <div class=\"form-control\">\n            <input type=\"tel\" name=\"telephone\" id=\"telephone\" minlength=\"9\" maxlength=\"13\" oninput=\"this.value = this.value.replace(\/[^0-9.+]\/g, '').replace(\/(\\..*?)\\..*\/g, '$1');\"\/>\n            <label>T\u00e9l\u00e9phone<\/label>\n          <\/div>\n          <div class=\"form-control\">\n            <input oninvalid=\"this.setCustomValidity('Champs Email est obligatoire')\" oninput=\"this.setCustomValidity('')\"  type=\"email\" name=\"email\" required \/>\n            <label>Email *<\/label>\n          <\/div>\n        <\/div>\n\n        <div class=\"form-control\">\n          <textarea maxlength=\"400\" oninvalid=\"this.setCustomValidity('Champs Message est obligatoire')\" oninput=\"this.setCustomValidity('')\" type=\"textarea\" name=\"letter\" required><\/textarea>\n          <label> *Message<\/label>\n        <\/div>\n\n        <small class=\"form-caption\">*Champs obligatoires<\/small>\n\n        <label class=\"checkbox\">\n            <input oninvalid=\"this.setCustomValidity('Accepter la politique de confidentialit\u00e9 est obligatoire')\" oninput=\"this.setCustomValidity('')\" type=\"checkbox\" name=\"job_privacy_policy\" value=\"1\" required \/>\n             J&#039;ai lu et j\u2019accepte            <a href=\"https:\/\/www.agadir-oufella.ma\/fr\/politique-de-confidentialite\/\" target=\"_blank\">La politique de confidentialit\u00e9<\/a>\n            agadir-oufella.ma<br\/>\n            <small>Les informations recueillies via ce formulaire sont enregistr\u00e9es par la Soci\u00e9t\u00e9 de D\u00e9veloppement Touristique Souss Massa, en sa qualit\u00e9 de responsable du traitement, dans le but de r\u00e9pondre \u00e0 votre demande. Elles sont destin\u00e9es exclusivement aux services internes concern\u00e9s. Conform\u00e9ment \u00e0 la loi 09-08, vous disposez d\u2019un droit d\u2019acc\u00e8s, de rectification et d\u2019opposition, que vous pouvez exercer en contactant l&#039;adresse : contact@sdrt-sm.ma.Ce traitement a fait l\u2019objet d\u2019une d\u00e9claration aupr\u00e8s de la CNDP<\/small>\n        <\/label>\n\n        <input type=\"hidden\" id=\"contact_form\" name=\"contact_form\" value=\"9d657d80f9\" \/><input type=\"hidden\" name=\"_wp_http_referer\" value=\"\/fr\/wp-json\/wp\/v2\/pages\/54\" \/>        <input type=\"hidden\" id=\"g-recaptcha-response\" name=\"g-recaptcha-response\">\n        <input type=\"hidden\" name=\"action\" value=\"contact_form_submission\">\n\n        <button type=\"submit\" class=\"btn btn-secondary\">\n            Envoyer        <\/button>\n      <\/form>\n      <div class=\"awsm-application-message\" style=\"display: none;\"><\/div>\n    <\/div>\n<\/section>\n\n\n\n<div style=\"height:50px\" aria-hidden=\"true\" class=\"wp-block-spacer\"><\/div>\n\n\n\n\n  <section data-aos=\"fade-up\" id=\"map\" data-google-api-key=\"AIzaSyAfLSeuS9TZO0OFuKspfw3lvWKuV-EpnsM\">\n  <\/section>\n\n","protected":false},"excerpt":{"rendered":"","protected":false},"author":1,"featured_media":0,"parent":0,"menu_order":97,"comment_status":"closed","ping_status":"closed","template":"","meta":{"inline_featured_image":false,"footnotes":""},"class_list":["post-54","page","type-page","status-publish","hentry"],"yoast_head":"<!-- This site is optimized with the Yoast SEO plugin v25.0 - https:\/\/yoast.com\/wordpress\/plugins\/seo\/ -->\n<title>Contactez-nous - Kasbah d&#039;Agadir Oufella<\/title>\n<meta name=\"description\" content=\"Groupe sp\u00e9ciaux, professionnel du domaine ou demande d&#039;information, prenez contact avec nos \u00e9quipes en remplissant le formulaire de contact.\" \/>\n<meta name=\"robots\" content=\"index, follow, max-snippet:-1, max-image-preview:large, max-video-preview:-1\" \/>\n<link rel=\"canonical\" href=\"https:\/\/www.agadir-oufella.ma\/fr\/contact\/\" \/>\n<meta property=\"og:locale\" content=\"fr_FR\" \/>\n<meta property=\"og:type\" content=\"article\" \/>\n<meta property=\"og:title\" content=\"Contactez-nous - Kasbah d&#039;Agadir Oufella\" \/>\n<meta property=\"og:description\" content=\"Groupe sp\u00e9ciaux, professionnel du domaine ou demande d&#039;information, prenez contact avec nos \u00e9quipes en remplissant le formulaire de contact.\" \/>\n<meta property=\"og:url\" content=\"https:\/\/www.agadir-oufella.ma\/fr\/contact\/\" \/>\n<meta property=\"og:site_name\" content=\"Kasbah d&#039;Agadir Oufella\" \/>\n<meta property=\"article:modified_time\" content=\"2023-06-15T11:36:13+00:00\" \/>\n<meta name=\"twitter:card\" content=\"summary_large_image\" \/>\n<script type=\"application\/ld+json\" class=\"yoast-schema-graph\">{\"@context\":\"https:\/\/schema.org\",\"@graph\":[{\"@type\":\"WebPage\",\"@id\":\"https:\/\/www.agadir-oufella.ma\/fr\/contact\/\",\"url\":\"https:\/\/www.agadir-oufella.ma\/fr\/contact\/\",\"name\":\"Contactez-nous - Kasbah d&#039;Agadir Oufella\",\"isPartOf\":{\"@id\":\"https:\/\/www.agadir-oufella.ma\/fr\/#website\"},\"datePublished\":\"2022-07-22T08:15:31+00:00\",\"dateModified\":\"2023-06-15T11:36:13+00:00\",\"description\":\"Groupe sp\u00e9ciaux, professionnel du domaine ou demande d'information, prenez contact avec nos \u00e9quipes en remplissant le formulaire de contact.\",\"breadcrumb\":{\"@id\":\"https:\/\/www.agadir-oufella.ma\/fr\/contact\/#breadcrumb\"},\"inLanguage\":\"fr-FR\",\"potentialAction\":[{\"@type\":\"ReadAction\",\"target\":[\"https:\/\/www.agadir-oufella.ma\/fr\/contact\/\"]}]},{\"@type\":\"BreadcrumbList\",\"@id\":\"https:\/\/www.agadir-oufella.ma\/fr\/contact\/#breadcrumb\",\"itemListElement\":[{\"@type\":\"ListItem\",\"position\":1,\"name\":\"Accueil\",\"item\":\"https:\/\/www.agadir-oufella.ma\/fr\/\"},{\"@type\":\"ListItem\",\"position\":2,\"name\":\"Contact\"}]},{\"@type\":\"WebSite\",\"@id\":\"https:\/\/www.agadir-oufella.ma\/fr\/#website\",\"url\":\"https:\/\/www.agadir-oufella.ma\/fr\/\",\"name\":\"Kasbah d&#039;Agadir Oufella\",\"description\":\"\",\"publisher\":{\"@id\":\"https:\/\/www.agadir-oufella.ma\/fr\/#organization\"},\"potentialAction\":[{\"@type\":\"SearchAction\",\"target\":{\"@type\":\"EntryPoint\",\"urlTemplate\":\"https:\/\/www.agadir-oufella.ma\/fr\/?s={search_term_string}\"},\"query-input\":{\"@type\":\"PropertyValueSpecification\",\"valueRequired\":true,\"valueName\":\"search_term_string\"}}],\"inLanguage\":\"fr-FR\"},{\"@type\":\"Organization\",\"@id\":\"https:\/\/www.agadir-oufella.ma\/fr\/#organization\",\"name\":\"Kasbah d&#039;Agadir Oufella\",\"url\":\"https:\/\/www.agadir-oufella.ma\/fr\/\",\"logo\":{\"@type\":\"ImageObject\",\"inLanguage\":\"fr-FR\",\"@id\":\"https:\/\/www.agadir-oufella.ma\/fr\/#\/schema\/logo\/image\/\",\"url\":\"https:\/\/www.agadir-oufella.ma\/wp-content\/uploads\/2023\/09\/LOGOAGOF.svg\",\"contentUrl\":\"https:\/\/www.agadir-oufella.ma\/wp-content\/uploads\/2023\/09\/LOGOAGOF.svg\",\"width\":150,\"height\":150,\"caption\":\"Kasbah d&#039;Agadir Oufella\"},\"image\":{\"@id\":\"https:\/\/www.agadir-oufella.ma\/fr\/#\/schema\/logo\/image\/\"}}]}<\/script>\n<!-- \/ Yoast SEO plugin. -->","yoast_head_json":{"title":"Contactez-nous - Kasbah d&#039;Agadir Oufella","description":"Groupe sp\u00e9ciaux, professionnel du domaine ou demande d'information, prenez contact avec nos \u00e9quipes en remplissant le formulaire de contact.","robots":{"index":"index","follow":"follow","max-snippet":"max-snippet:-1","max-image-preview":"max-image-preview:large","max-video-preview":"max-video-preview:-1"},"canonical":"https:\/\/www.agadir-oufella.ma\/fr\/contact\/","og_locale":"fr_FR","og_type":"article","og_title":"Contactez-nous - Kasbah d&#039;Agadir Oufella","og_description":"Groupe sp\u00e9ciaux, professionnel du domaine ou demande d'information, prenez contact avec nos \u00e9quipes en remplissant le formulaire de contact.","og_url":"https:\/\/www.agadir-oufella.ma\/fr\/contact\/","og_site_name":"Kasbah d&#039;Agadir Oufella","article_modified_time":"2023-06-15T11:36:13+00:00","twitter_card":"summary_large_image","schema":{"@context":"https:\/\/schema.org","@graph":[{"@type":"WebPage","@id":"https:\/\/www.agadir-oufella.ma\/fr\/contact\/","url":"https:\/\/www.agadir-oufella.ma\/fr\/contact\/","name":"Contactez-nous - Kasbah d&#039;Agadir Oufella","isPartOf":{"@id":"https:\/\/www.agadir-oufella.ma\/fr\/#website"},"datePublished":"2022-07-22T08:15:31+00:00","dateModified":"2023-06-15T11:36:13+00:00","description":"Groupe sp\u00e9ciaux, professionnel du domaine ou demande d'information, prenez contact avec nos \u00e9quipes en remplissant le formulaire de contact.","breadcrumb":{"@id":"https:\/\/www.agadir-oufella.ma\/fr\/contact\/#breadcrumb"},"inLanguage":"fr-FR","potentialAction":[{"@type":"ReadAction","target":["https:\/\/www.agadir-oufella.ma\/fr\/contact\/"]}]},{"@type":"BreadcrumbList","@id":"https:\/\/www.agadir-oufella.ma\/fr\/contact\/#breadcrumb","itemListElement":[{"@type":"ListItem","position":1,"name":"Accueil","item":"https:\/\/www.agadir-oufella.ma\/fr\/"},{"@type":"ListItem","position":2,"name":"Contact"}]},{"@type":"WebSite","@id":"https:\/\/www.agadir-oufella.ma\/fr\/#website","url":"https:\/\/www.agadir-oufella.ma\/fr\/","name":"Kasbah d&#039;Agadir Oufella","description":"","publisher":{"@id":"https:\/\/www.agadir-oufella.ma\/fr\/#organization"},"potentialAction":[{"@type":"SearchAction","target":{"@type":"EntryPoint","urlTemplate":"https:\/\/www.agadir-oufella.ma\/fr\/?s={search_term_string}"},"query-input":{"@type":"PropertyValueSpecification","valueRequired":true,"valueName":"search_term_string"}}],"inLanguage":"fr-FR"},{"@type":"Organization","@id":"https:\/\/www.agadir-oufella.ma\/fr\/#organization","name":"Kasbah d&#039;Agadir Oufella","url":"https:\/\/www.agadir-oufella.ma\/fr\/","logo":{"@type":"ImageObject","inLanguage":"fr-FR","@id":"https:\/\/www.agadir-oufella.ma\/fr\/#\/schema\/logo\/image\/","url":"https:\/\/www.agadir-oufella.ma\/wp-content\/uploads\/2023\/09\/LOGOAGOF.svg","contentUrl":"https:\/\/www.agadir-oufella.ma\/wp-content\/uploads\/2023\/09\/LOGOAGOF.svg","width":150,"height":150,"caption":"Kasbah d&#039;Agadir Oufella"},"image":{"@id":"https:\/\/www.agadir-oufella.ma\/fr\/#\/schema\/logo\/image\/"}}]}},"_links":{"self":[{"href":"https:\/\/www.agadir-oufella.ma\/fr\/wp-json\/wp\/v2\/pages\/54","targetHints":{"allow":["GET"]}}],"collection":[{"href":"https:\/\/www.agadir-oufella.ma\/fr\/wp-json\/wp\/v2\/pages"}],"about":[{"href":"https:\/\/www.agadir-oufella.ma\/fr\/wp-json\/wp\/v2\/types\/page"}],"author":[{"embeddable":true,"href":"https:\/\/www.agadir-oufella.ma\/fr\/wp-json\/wp\/v2\/users\/1"}],"replies":[{"embeddable":true,"href":"https:\/\/www.agadir-oufella.ma\/fr\/wp-json\/wp\/v2\/comments?post=54"}],"version-history":[{"count":25,"href":"https:\/\/www.agadir-oufella.ma\/fr\/wp-json\/wp\/v2\/pages\/54\/revisions"}],"predecessor-version":[{"id":11815,"href":"https:\/\/www.agadir-oufella.ma\/fr\/wp-json\/wp\/v2\/pages\/54\/revisions\/11815"}],"wp:attachment":[{"href":"https:\/\/www.agadir-oufella.ma\/fr\/wp-json\/wp\/v2\/media?parent=54"}],"curies":[{"name":"wp","href":"https:\/\/api.w.org\/{rel}","templated":true}]}}