
{"id":600,"date":"2022-07-25T12:33:47","date_gmt":"2022-07-25T11:33:47","guid":{"rendered":"https:\/\/www.agadir-oufella.ma\/?page_id=600"},"modified":"2023-12-11T10:43:37","modified_gmt":"2023-12-11T09:43:37","slug":"protection-et-biodiversite","status":"publish","type":"page","link":"https:\/\/www.agadir-oufella.ma\/fr\/protection-et-biodiversite\/","title":{"rendered":"Zone de protection et biodiversit\u00e9"},"content":{"rendered":"<section class=\"topbar\">\n    <picture>\n                  <img loading=\"lazy\" decoding=\"async\" src=\"https:\/\/www.agadir-oufella.ma\/wp-content\/uploads\/2022\/07\/topbar.jpg\" alt=\"Kasbah d'Agadir Oufella\" width=\"1920\" height=\"297\" \/>\n            <\/picture>\n<\/section>\n<ol class=\"breadcrumb\" itemscope itemtype=\"http:\/\/schema.org\/BreadcrumbList\"><li itemprop=\"itemListElement\" itemscope itemtype=\"http:\/\/schema.org\/ListItem\"><a itemprop=\"item\" href=\"https:\/\/www.agadir-oufella.ma\/fr\/\">Accueil<span itemprop='name'>  <\/span><\/a><span itemprop='position' content='1'>&gt;<\/span><\/li><\/ol>\n\n<section class=\"intro\" data-aos=\"fade-up\">\n        <h1> Zone de protection et biodiversit\u00e9 <\/h1>\n        <div >\n        <p>Le site prot\u00e9g\u00e9 \u00e9tait inclus dans le p\u00e9rim\u00e8tre de classement d\u00e9fini par l&rsquo;Arr\u00eat\u00e9 viziriel du 31 d\u00e9cembre 1942 (23 hija 1361) (BO N\u00b01543 du 26 f\u00e9vrier 1943) et du Dahir du 23 mars 1944 (27 rebia I 1363) paru au BO du 28 avril 1944.<\/p>\n    <\/div>\n<\/section>\n\n\n\n\n<div style=\"height:30px\" aria-hidden=\"true\" class=\"wp-block-spacer\"><\/div>\n\n\n<section class=\"restauration\">\n  <div class=\"wrapper\">\n\n          <h2 class=\"title\">Zone de protection du b\u00e2ti (1929-1932) \u00e0 la nature (1942-1944)<\/h2>\n    \n    <div class=\"desc\">\n      <p>De nos jours, les responsables des villes et des territoires consid\u00e8rent le patrimoine et la qualit\u00e9 de vie comme des piliers fondamentaux. Non seulement ils constituent des \u00e9l\u00e9ments identitaires pour les r\u00e9sidents, mais ils jouent \u00e9galement un r\u00f4le crucial dans leur int\u00e9gration sociale et servent de moteur pour la croissance \u00e9conomique et la protection de l&rsquo;environnement.<\/p>\n<p>Agadir a \u00e9tendu le p\u00e9rim\u00e8tre de son site patrimonial class\u00e9 d\u00e8s 1932, incluant d\u00e9sormais l&rsquo;ensemble de la citadelle de 1942 \u00e0 1944, gr\u00e2ce \u00e0 une s\u00e9rie de dahirs ch\u00e9rifiens portant sur des zones de protection (zones de servitude et zones non aedificandi) autour du patrimoine b\u00e2ti, englobant le patrimoine naturel.<\/p>\n<p>Cette protection a \u00e9t\u00e9 renforc\u00e9e suite au tremblement de terre par une zone de sismicit\u00e9 pr\u00e9ventive (Dahir n\u00b01.60.290 du 17 janvier 1961). Le projet de mise en valeur du site, qui inclut l&rsquo;ensemble de la citadelle, est conforme aux objectifs du Sch\u00e9ma Directeur d&rsquo;Am\u00e9nagement Urbain (SDAU) du Grand Agadir.<\/p>\n<p>L&rsquo;inclusion d&rsquo;un couloir de biodiversit\u00e9 int\u00e9gr\u00e9 aux sentiers d&rsquo;acc\u00e8s renforce l&rsquo;id\u00e9e d&rsquo;une protection \u00e9tendue et d&rsquo;une aire prot\u00e9g\u00e9e, avec des terrains pour beaucoup forestiers.<\/p>\n<p>Afin de r\u00e9pondre aux exigences d&rsquo;acc\u00e8s s\u00e9curis\u00e9s et d&rsquo;\u00e9vacuation rapide, ce p\u00e9rim\u00e8tre de protection a \u00e9t\u00e9 \u00e9tendu. Des projets tels qu&rsquo;une plateforme de services enterr\u00e9e et invisible ainsi qu&rsquo;un enfouissement partiel de la zone d&rsquo;arriv\u00e9e\/d\u00e9part du t\u00e9l\u00e9ph\u00e9rique ont \u00e9t\u00e9 envisag\u00e9s pour faciliter l&rsquo;acc\u00e8s public \u00e0 un site patrimonial offrant une vue panoramique unique sur la baie d&rsquo;Agadir.<\/p>\n    <\/div>\n    \n                  <div class=\"cols\">\n          <picture>\n            <img class=\"lazyload\" data-src=\"https:\/\/www.agadir-oufella.ma\/wp-content\/uploads\/2022\/08\/carte-faune-flore.jpg\" width=\"634\" height=\"419\" alt=\"Sch\u00e9ma Directeur d'Am\u00e9nagement Urbain du Grand Agadir\" decoding=\"async\" draggable=\"false\" \/>\n          <\/picture>\n          <picture>\n            <img class=\"lazyload\" data-src=\"https:\/\/www.agadir-oufella.ma\/wp-content\/uploads\/2022\/08\/carte-faune-flore-zoom.jpg\" width=\"634\" height=\"419\" alt=\"SDAU Grand Agadir\" decoding=\"async\" draggable=\"false\" \/>\n          <\/picture>\n        <\/div>\n            <\/div>\n<\/section>\n\n\n\n<div style=\"height:40px\" aria-hidden=\"true\" class=\"wp-block-spacer\"><\/div>\n\n\n<section class=\"slider-2orientations default\">\n    <div class=\"wrapper\">\n                  <span class=\"label\">La montagne dans la mer<\/span>\n                          <h2 class=\"title\">Des sentiers botaniques et des balises patrimoniales<\/h2>\n                <div class=\"canvas\">\n            <div class=\"feature\" data-aos=\"fade-right\">\n                <img loading=\"lazy\" id=\"slider-feature\" data-trigger=\"slider-gallery-item0\" src=\"https:\/\/www.agadir-oufella.ma\/wp-content\/uploads\/2022\/08\/argania-spinosa.jpg\" width=\"1000\" height=\"533\" alt=\"Argania Spinosa\" decoding=\"async\" draggable=\"false\">\n            <\/div>\n            <div class=\"thumbnails\"  data-aos=\"fade-left\" dir=\"ltr\">\n                <ul id=\"slider-gallery\" data-axis data-slider data-slideBy=\"1\" data-gutter=\"13\" data-drag=\"true\" data-controls=\"true\" data-breakpoints=\"0\" data-items=\"3\">\n                                                                  <li>\n                            <img loading=\"lazy\" src=\"https:\/\/www.agadir-oufella.ma\/wp-content\/uploads\/2022\/08\/acacia.jpg\" data-src=\"https:\/\/www.agadir-oufella.ma\/wp-content\/uploads\/2022\/08\/acacia.jpg\" width=\"281\" height=\"169\" alt=\"Acacia\" decoding=\"async\" draggable=\"false\">\n                        <\/li>\n                                              <li>\n                            <img loading=\"lazy\" src=\"https:\/\/www.agadir-oufella.ma\/wp-content\/uploads\/2022\/08\/argania-spinosa.jpg\" data-src=\"https:\/\/www.agadir-oufella.ma\/wp-content\/uploads\/2022\/08\/argania-spinosa.jpg\" width=\"281\" height=\"169\" alt=\"Argania Spinosa\" decoding=\"async\" draggable=\"false\">\n                        <\/li>\n                                              <li>\n                            <img loading=\"lazy\" src=\"https:\/\/www.agadir-oufella.ma\/wp-content\/uploads\/2022\/08\/euphorbia.jpg\" data-src=\"https:\/\/www.agadir-oufella.ma\/wp-content\/uploads\/2022\/08\/euphorbia.jpg\" width=\"281\" height=\"169\" alt=\"Euphorbia\" decoding=\"async\" draggable=\"false\">\n                        <\/li>\n                                              <li>\n                            <img loading=\"lazy\" src=\"https:\/\/www.agadir-oufella.ma\/wp-content\/uploads\/2022\/08\/senecio.jpg\" data-src=\"https:\/\/www.agadir-oufella.ma\/wp-content\/uploads\/2022\/08\/senecio.jpg\" width=\"281\" height=\"169\" alt=\"Senecio\" decoding=\"async\" draggable=\"false\">\n                        <\/li>\n                                              <li>\n                            <img loading=\"lazy\" src=\"https:\/\/www.agadir-oufella.ma\/wp-content\/uploads\/2022\/08\/warionia.jpg\" data-src=\"https:\/\/www.agadir-oufella.ma\/wp-content\/uploads\/2022\/08\/warionia.jpg\" width=\"281\" height=\"169\" alt=\"Warionia\" decoding=\"async\" draggable=\"false\">\n                        <\/li>\n                                                          <\/ul>\n            <\/div>\n        <\/div>\n                  <div class=\"text\" data-aos=\"fade-down\">\n              <p>Les sentiers botaniques sont \u00e9quip\u00e9s de dispositifs p\u00e9dagogiques qui permettent aux visiteurs de d\u00e9couvrir la faune et la flore tout en explorant divers monuments et \u00e9difices class\u00e9s tels que la Kasbah, les citernes, les tombeaux et le sharij (bassin) de la Kasbah. Ces rep\u00e8res patrimoniaux ont \u00e9t\u00e9 mis en valeur et replac\u00e9s dans leur contexte \u00e9cologique et historique. Ensemble, ils constituent un parc naturel qui surplombe un port m\u00e9di\u00e9val devenu une m\u00e9tropole r\u00e9gionale.<\/p>\n<p>Pr\u00e8s de 29 esp\u00e8ces p\u00e9rennes ont \u00e9t\u00e9 identifi\u00e9es ; beaucoup sont end\u00e9miques : Argania spinosa (Sapotac\u00e9es), Acacia gummifera (Mimosac\u00e9es), Euphorbia beaumierana (Euphoribac\u00e9es), Senecio anteuphrbium (Ch\u00e9nopodiac\u00e9es), Warionia saharae (Solonac\u00e9es).<\/p>\n          <\/div>\n            <\/div>\n<\/section>\n\n\n\n<div style=\"height:30px\" aria-hidden=\"true\" class=\"wp-block-spacer\"><\/div>\n","protected":false},"excerpt":{"rendered":"","protected":false},"author":1,"featured_media":0,"parent":0,"menu_order":45,"comment_status":"closed","ping_status":"closed","template":"","meta":{"inline_featured_image":false,"footnotes":""},"class_list":["post-600","page","type-page","status-publish","hentry"],"yoast_head":"<!-- This site is optimized with the Yoast SEO plugin v25.0 - https:\/\/yoast.com\/wordpress\/plugins\/seo\/ -->\n<title>Zone de protection et biodiversit\u00e9 - Kasbah d&#039;Agadir Oufella<\/title>\n<meta name=\"description\" content=\"La Kasbah d&#039;Agadir Oufella est jalonn\u00e9e de dispositifs p\u00e9dagogiques permettant de s\u2019approprier faune et flore \u00e0 explorer.\" \/>\n<meta name=\"robots\" content=\"index, follow, max-snippet:-1, max-image-preview:large, max-video-preview:-1\" \/>\n<link rel=\"canonical\" href=\"https:\/\/www.agadir-oufella.ma\/fr\/protection-et-biodiversite\/\" \/>\n<meta property=\"og:locale\" content=\"fr_FR\" \/>\n<meta property=\"og:type\" content=\"article\" \/>\n<meta property=\"og:title\" content=\"Zone de protection et biodiversit\u00e9 - Kasbah d&#039;Agadir Oufella\" \/>\n<meta property=\"og:description\" content=\"La Kasbah d&#039;Agadir Oufella est jalonn\u00e9e de dispositifs p\u00e9dagogiques permettant de s\u2019approprier faune et flore \u00e0 explorer.\" \/>\n<meta property=\"og:url\" content=\"https:\/\/www.agadir-oufella.ma\/fr\/protection-et-biodiversite\/\" \/>\n<meta property=\"og:site_name\" content=\"Kasbah d&#039;Agadir Oufella\" \/>\n<meta property=\"article:modified_time\" content=\"2023-12-11T09:43:37+00:00\" \/>\n<meta name=\"twitter:card\" content=\"summary_large_image\" \/>\n<script type=\"application\/ld+json\" class=\"yoast-schema-graph\">{\"@context\":\"https:\/\/schema.org\",\"@graph\":[{\"@type\":\"WebPage\",\"@id\":\"https:\/\/www.agadir-oufella.ma\/fr\/protection-et-biodiversite\/\",\"url\":\"https:\/\/www.agadir-oufella.ma\/fr\/protection-et-biodiversite\/\",\"name\":\"Zone de protection et biodiversit\u00e9 - Kasbah d&#039;Agadir Oufella\",\"isPartOf\":{\"@id\":\"https:\/\/www.agadir-oufella.ma\/fr\/#website\"},\"datePublished\":\"2022-07-25T11:33:47+00:00\",\"dateModified\":\"2023-12-11T09:43:37+00:00\",\"description\":\"La Kasbah d'Agadir Oufella est jalonn\u00e9e de dispositifs p\u00e9dagogiques permettant de s\u2019approprier faune et flore \u00e0 explorer.\",\"breadcrumb\":{\"@id\":\"https:\/\/www.agadir-oufella.ma\/fr\/protection-et-biodiversite\/#breadcrumb\"},\"inLanguage\":\"fr-FR\",\"potentialAction\":[{\"@type\":\"ReadAction\",\"target\":[\"https:\/\/www.agadir-oufella.ma\/fr\/protection-et-biodiversite\/\"]}]},{\"@type\":\"BreadcrumbList\",\"@id\":\"https:\/\/www.agadir-oufella.ma\/fr\/protection-et-biodiversite\/#breadcrumb\",\"itemListElement\":[{\"@type\":\"ListItem\",\"position\":1,\"name\":\"Accueil\",\"item\":\"https:\/\/www.agadir-oufella.ma\/fr\/\"},{\"@type\":\"ListItem\",\"position\":2,\"name\":\"Zone de protection et biodiversit\u00e9\"}]},{\"@type\":\"WebSite\",\"@id\":\"https:\/\/www.agadir-oufella.ma\/fr\/#website\",\"url\":\"https:\/\/www.agadir-oufella.ma\/fr\/\",\"name\":\"Kasbah d&#039;Agadir Oufella\",\"description\":\"\",\"publisher\":{\"@id\":\"https:\/\/www.agadir-oufella.ma\/fr\/#organization\"},\"potentialAction\":[{\"@type\":\"SearchAction\",\"target\":{\"@type\":\"EntryPoint\",\"urlTemplate\":\"https:\/\/www.agadir-oufella.ma\/fr\/?s={search_term_string}\"},\"query-input\":{\"@type\":\"PropertyValueSpecification\",\"valueRequired\":true,\"valueName\":\"search_term_string\"}}],\"inLanguage\":\"fr-FR\"},{\"@type\":\"Organization\",\"@id\":\"https:\/\/www.agadir-oufella.ma\/fr\/#organization\",\"name\":\"Kasbah d&#039;Agadir Oufella\",\"url\":\"https:\/\/www.agadir-oufella.ma\/fr\/\",\"logo\":{\"@type\":\"ImageObject\",\"inLanguage\":\"fr-FR\",\"@id\":\"https:\/\/www.agadir-oufella.ma\/fr\/#\/schema\/logo\/image\/\",\"url\":\"https:\/\/www.agadir-oufella.ma\/wp-content\/uploads\/2023\/09\/LOGOAGOF.svg\",\"contentUrl\":\"https:\/\/www.agadir-oufella.ma\/wp-content\/uploads\/2023\/09\/LOGOAGOF.svg\",\"width\":150,\"height\":150,\"caption\":\"Kasbah d&#039;Agadir Oufella\"},\"image\":{\"@id\":\"https:\/\/www.agadir-oufella.ma\/fr\/#\/schema\/logo\/image\/\"}}]}<\/script>\n<!-- \/ Yoast SEO plugin. -->","yoast_head_json":{"title":"Zone de protection et biodiversit\u00e9 - Kasbah d&#039;Agadir Oufella","description":"La Kasbah d'Agadir Oufella est jalonn\u00e9e de dispositifs p\u00e9dagogiques permettant de s\u2019approprier faune et flore \u00e0 explorer.","robots":{"index":"index","follow":"follow","max-snippet":"max-snippet:-1","max-image-preview":"max-image-preview:large","max-video-preview":"max-video-preview:-1"},"canonical":"https:\/\/www.agadir-oufella.ma\/fr\/protection-et-biodiversite\/","og_locale":"fr_FR","og_type":"article","og_title":"Zone de protection et biodiversit\u00e9 - Kasbah d&#039;Agadir Oufella","og_description":"La Kasbah d'Agadir Oufella est jalonn\u00e9e de dispositifs p\u00e9dagogiques permettant de s\u2019approprier faune et flore \u00e0 explorer.","og_url":"https:\/\/www.agadir-oufella.ma\/fr\/protection-et-biodiversite\/","og_site_name":"Kasbah d&#039;Agadir Oufella","article_modified_time":"2023-12-11T09:43:37+00:00","twitter_card":"summary_large_image","schema":{"@context":"https:\/\/schema.org","@graph":[{"@type":"WebPage","@id":"https:\/\/www.agadir-oufella.ma\/fr\/protection-et-biodiversite\/","url":"https:\/\/www.agadir-oufella.ma\/fr\/protection-et-biodiversite\/","name":"Zone de protection et biodiversit\u00e9 - Kasbah d&#039;Agadir Oufella","isPartOf":{"@id":"https:\/\/www.agadir-oufella.ma\/fr\/#website"},"datePublished":"2022-07-25T11:33:47+00:00","dateModified":"2023-12-11T09:43:37+00:00","description":"La Kasbah d'Agadir Oufella est jalonn\u00e9e de dispositifs p\u00e9dagogiques permettant de s\u2019approprier faune et flore \u00e0 explorer.","breadcrumb":{"@id":"https:\/\/www.agadir-oufella.ma\/fr\/protection-et-biodiversite\/#breadcrumb"},"inLanguage":"fr-FR","potentialAction":[{"@type":"ReadAction","target":["https:\/\/www.agadir-oufella.ma\/fr\/protection-et-biodiversite\/"]}]},{"@type":"BreadcrumbList","@id":"https:\/\/www.agadir-oufella.ma\/fr\/protection-et-biodiversite\/#breadcrumb","itemListElement":[{"@type":"ListItem","position":1,"name":"Accueil","item":"https:\/\/www.agadir-oufella.ma\/fr\/"},{"@type":"ListItem","position":2,"name":"Zone de protection et biodiversit\u00e9"}]},{"@type":"WebSite","@id":"https:\/\/www.agadir-oufella.ma\/fr\/#website","url":"https:\/\/www.agadir-oufella.ma\/fr\/","name":"Kasbah d&#039;Agadir Oufella","description":"","publisher":{"@id":"https:\/\/www.agadir-oufella.ma\/fr\/#organization"},"potentialAction":[{"@type":"SearchAction","target":{"@type":"EntryPoint","urlTemplate":"https:\/\/www.agadir-oufella.ma\/fr\/?s={search_term_string}"},"query-input":{"@type":"PropertyValueSpecification","valueRequired":true,"valueName":"search_term_string"}}],"inLanguage":"fr-FR"},{"@type":"Organization","@id":"https:\/\/www.agadir-oufella.ma\/fr\/#organization","name":"Kasbah d&#039;Agadir Oufella","url":"https:\/\/www.agadir-oufella.ma\/fr\/","logo":{"@type":"ImageObject","inLanguage":"fr-FR","@id":"https:\/\/www.agadir-oufella.ma\/fr\/#\/schema\/logo\/image\/","url":"https:\/\/www.agadir-oufella.ma\/wp-content\/uploads\/2023\/09\/LOGOAGOF.svg","contentUrl":"https:\/\/www.agadir-oufella.ma\/wp-content\/uploads\/2023\/09\/LOGOAGOF.svg","width":150,"height":150,"caption":"Kasbah d&#039;Agadir Oufella"},"image":{"@id":"https:\/\/www.agadir-oufella.ma\/fr\/#\/schema\/logo\/image\/"}}]}},"_links":{"self":[{"href":"https:\/\/www.agadir-oufella.ma\/fr\/wp-json\/wp\/v2\/pages\/600","targetHints":{"allow":["GET"]}}],"collection":[{"href":"https:\/\/www.agadir-oufella.ma\/fr\/wp-json\/wp\/v2\/pages"}],"about":[{"href":"https:\/\/www.agadir-oufella.ma\/fr\/wp-json\/wp\/v2\/types\/page"}],"author":[{"embeddable":true,"href":"https:\/\/www.agadir-oufella.ma\/fr\/wp-json\/wp\/v2\/users\/1"}],"replies":[{"embeddable":true,"href":"https:\/\/www.agadir-oufella.ma\/fr\/wp-json\/wp\/v2\/comments?post=600"}],"version-history":[{"count":80,"href":"https:\/\/www.agadir-oufella.ma\/fr\/wp-json\/wp\/v2\/pages\/600\/revisions"}],"predecessor-version":[{"id":10708,"href":"https:\/\/www.agadir-oufella.ma\/fr\/wp-json\/wp\/v2\/pages\/600\/revisions\/10708"}],"wp:attachment":[{"href":"https:\/\/www.agadir-oufella.ma\/fr\/wp-json\/wp\/v2\/media?parent=600"}],"curies":[{"name":"wp","href":"https:\/\/api.w.org\/{rel}","templated":true}]}}