
{"id":76,"date":"2022-07-22T11:05:52","date_gmt":"2022-07-22T10:05:52","guid":{"rendered":"https:\/\/www.agadir-oufella.ma\/?page_id=76"},"modified":"2025-10-31T17:32:26","modified_gmt":"2025-10-31T16:32:26","slug":"galerie-photos-videos","status":"publish","type":"page","link":"https:\/\/www.agadir-oufella.ma\/fr\/galerie-photos-videos\/","title":{"rendered":"Galerie photos\/vid\u00e9os"},"content":{"rendered":"<section class=\"topbar\">\n    <picture>\n                  <img loading=\"lazy\" decoding=\"async\" src=\"https:\/\/www.agadir-oufella.ma\/wp-content\/uploads\/2022\/07\/topbar.jpg\" alt=\"Kasbah d'Agadir Oufella\" width=\"1920\" height=\"297\" \/>\n            <\/picture>\n<\/section>\n<ol class=\"breadcrumb\" itemscope itemtype=\"http:\/\/schema.org\/BreadcrumbList\"><li itemprop=\"itemListElement\" itemscope itemtype=\"http:\/\/schema.org\/ListItem\"><a itemprop=\"item\" href=\"https:\/\/www.agadir-oufella.ma\/fr\/\">Accueil<span itemprop='name'>  <\/span><\/a><span itemprop='position' content='1'>&gt;<\/span><\/li><\/ol>\n\n<section class=\"intro\" data-aos=\"fade-up\">\n        <h1> Galerie Photos et vid\u00e9os <\/h1>\n        <div >\n        <p>Nous vous proposons une galerie des meilleurs clich\u00e9s et vid\u00e9os de la Kasbah Agadir Oufella.<\/p>\n<section class=\"intro aos-init aos-animate\" data-aos=\"fade-up\">\n<div>\n<p>Suivez l\u2019avancement des travaux de restauration et de la r\u00e9habilitation de la kasbah Agadir Oufela \u00e0 travers des reportages photos mis \u00e0 jour r\u00e9guli\u00e8rement.<\/p>\n<\/div>\n<\/section>\n    <\/div>\n<\/section>\n\n\n\n  <section class=\"gallery-category\">\n    <ul>\n            <li data-aos=\"fade-top\" data-aos-delay=\"150\">\n        <figure>\n          <a href=\"https:\/\/www.agadir-oufella.ma\/fr\/galeries\/evenements\/\">\n            <img class=\"lazyload\" data-src=\"https:\/\/www.agadir-oufella.ma\/wp-content\/uploads\/2025\/08\/1753805142896-396x396.jpeg\" alt=\"\u00c9v\u00e9nements\" width=\"396px\" height=\"396px\" decoding=\"async\" draggable=\"false\">\n            <figcaption>\u00c9v\u00e9nements<\/figcaption>\n          <\/a>\n        <\/figure>\n      <\/li>\n            <li data-aos=\"fade-top\" data-aos-delay=\"300\">\n        <figure>\n          <a href=\"https:\/\/www.agadir-oufella.ma\/fr\/galeries\/services\/\">\n            <img class=\"lazyload\" data-src=\"https:\/\/www.agadir-oufella.ma\/wp-content\/uploads\/2022\/11\/WhatsApp-Image-2024-03-11-at-16.26.10-4-396x396.jpeg\" alt=\"Exp\u00e9rience visiteur\" width=\"396px\" height=\"396px\" decoding=\"async\" draggable=\"false\">\n            <figcaption>Exp\u00e9rience visiteur<\/figcaption>\n          <\/a>\n        <\/figure>\n      <\/li>\n            <li data-aos=\"fade-top\" data-aos-delay=\"450\">\n        <figure>\n          <a href=\"https:\/\/www.agadir-oufella.ma\/fr\/galeries\/remparts\/\">\n            <img class=\"lazyload\" data-src=\"https:\/\/www.agadir-oufella.ma\/wp-content\/uploads\/2023\/04\/1-396x396.jpg\" alt=\"Remparts et porte principale\" width=\"396px\" height=\"396px\" decoding=\"async\" draggable=\"false\">\n            <figcaption>Remparts et porte principale<\/figcaption>\n          <\/a>\n        <\/figure>\n      <\/li>\n            <li data-aos=\"fade-top\" data-aos-delay=\"600\">\n        <figure>\n          <a href=\"https:\/\/www.agadir-oufella.ma\/fr\/galeries\/plateformes\/\">\n            <img class=\"lazyload\" data-src=\"https:\/\/www.agadir-oufella.ma\/wp-content\/uploads\/2022\/11\/DJI_0011-396x396.jpg\" alt=\"Plateformes\" width=\"396px\" height=\"396px\" decoding=\"async\" draggable=\"false\">\n            <figcaption>Plateformes<\/figcaption>\n          <\/a>\n        <\/figure>\n      <\/li>\n            <li data-aos=\"fade-top\" data-aos-delay=\"750\">\n        <figure>\n          <a href=\"https:\/\/www.agadir-oufella.ma\/fr\/galeries\/platelage\/\">\n            <img class=\"lazyload\" data-src=\"https:\/\/www.agadir-oufella.ma\/wp-content\/uploads\/2022\/11\/Platelage-512-396x396.jpg\" alt=\"Platelage\" width=\"396px\" height=\"396px\" decoding=\"async\" draggable=\"false\">\n            <figcaption>Platelage<\/figcaption>\n          <\/a>\n        <\/figure>\n      <\/li>\n            <li data-aos=\"fade-top\" data-aos-delay=\"10\">\n        <figure>\n          <a href=\"https:\/\/www.agadir-oufella.ma\/fr\/galeries\/photos\/\">\n            <img class=\"lazyload\" data-src=\"https:\/\/www.agadir-oufella.ma\/wp-content\/uploads\/2022\/11\/Fouilles-arche\u0301ologiques-42-396x396.jpg\" alt=\"Fouilles arch\u00e9ologiques\" width=\"396px\" height=\"396px\" decoding=\"async\" draggable=\"false\">\n            <figcaption>Fouilles arch\u00e9ologiques<\/figcaption>\n          <\/a>\n        <\/figure>\n      <\/li>\n            <li data-aos=\"fade-top\" data-aos-delay=\"10\">\n        <figure>\n          <a href=\"https:\/\/www.agadir-oufella.ma\/fr\/galeries\/mausolee-lalla-yamna\/\">\n            <img class=\"lazyload\" data-src=\"https:\/\/www.agadir-oufella.ma\/wp-content\/uploads\/2022\/11\/Lalla-Yamna1-396x396.jpg\" alt=\"Mausol\u00e9e Lalla Yamna\" width=\"396px\" height=\"396px\" decoding=\"async\" draggable=\"false\">\n            <figcaption>Mausol\u00e9e Lalla Yamna<\/figcaption>\n          <\/a>\n        <\/figure>\n      <\/li>\n            <li data-aos=\"fade-top\" data-aos-delay=\"10\">\n        <figure>\n          <a href=\"https:\/\/www.agadir-oufella.ma\/fr\/galeries\/sentier-pedestre\/\">\n            <img class=\"lazyload\" data-src=\"https:\/\/www.agadir-oufella.ma\/wp-content\/uploads\/2022\/11\/Sentier-pe\u0301destre-25-396x396.jpeg\" alt=\"Sentier p\u00e9destre\" width=\"396px\" height=\"396px\" decoding=\"async\" draggable=\"false\">\n            <figcaption>Sentier p\u00e9destre<\/figcaption>\n          <\/a>\n        <\/figure>\n      <\/li>\n            <li data-aos=\"fade-top\" data-aos-delay=\"10\">\n        <figure>\n          <a href=\"https:\/\/www.agadir-oufella.ma\/fr\/galeries\/galerie-la-mosquee-agadir-oufella\/\">\n            <img class=\"lazyload\" data-src=\"https:\/\/www.agadir-oufella.ma\/wp-content\/uploads\/2022\/08\/mosque_1AO0121.jpg\" alt=\"La mosqu\u00e9e\" width=\"396px\" height=\"396px\" decoding=\"async\" draggable=\"false\">\n            <figcaption>La mosqu\u00e9e<\/figcaption>\n          <\/a>\n        <\/figure>\n      <\/li>\n            <li data-aos=\"fade-top\" data-aos-delay=\"10\">\n        <figure>\n          <a href=\"https:\/\/www.agadir-oufella.ma\/fr\/galeries\/galerie-photos-terrassement-agadir-oufella\/\">\n            <img class=\"lazyload\" data-src=\"https:\/\/www.agadir-oufella.ma\/wp-content\/uploads\/2022\/08\/terrassement_1AO0144.jpg\" alt=\"Terrassement\" width=\"396px\" height=\"396px\" decoding=\"async\" draggable=\"false\">\n            <figcaption>Terrassement<\/figcaption>\n          <\/a>\n        <\/figure>\n      <\/li>\n          <\/ul>\n  <\/section>\n  \n\n\n<div style=\"height:40px\" aria-hidden=\"true\" class=\"wp-block-spacer\"><\/div>\n","protected":false},"excerpt":{"rendered":"","protected":false},"author":1,"featured_media":0,"parent":0,"menu_order":73,"comment_status":"closed","ping_status":"closed","template":"","meta":{"inline_featured_image":false,"footnotes":""},"class_list":["post-76","page","type-page","status-publish","hentry"],"yoast_head":"<!-- This site is optimized with the Yoast SEO plugin v25.0 - https:\/\/yoast.com\/wordpress\/plugins\/seo\/ -->\n<title>Galerie photos\/vid\u00e9os - Kasbah d&#039;Agadir Oufella<\/title>\n<meta name=\"description\" content=\"Nous vous proposons une galerie des meilleurs clich\u00e9s\/vid\u00e9os de la Kasbah Agadir Oufella, des photos d&#039;archives et d&#039;autres d&#039;aujourd&#039;hui.\" \/>\n<meta name=\"robots\" content=\"index, follow, max-snippet:-1, max-image-preview:large, max-video-preview:-1\" \/>\n<link rel=\"canonical\" href=\"https:\/\/www.agadir-oufella.ma\/fr\/galerie-photos-videos\/\" \/>\n<meta property=\"og:locale\" content=\"fr_FR\" \/>\n<meta property=\"og:type\" content=\"article\" \/>\n<meta property=\"og:title\" content=\"Galerie photos\/vid\u00e9os - Kasbah d&#039;Agadir Oufella\" \/>\n<meta property=\"og:description\" content=\"Nous vous proposons une galerie des meilleurs clich\u00e9s\/vid\u00e9os de la Kasbah Agadir Oufella, des photos d&#039;archives et d&#039;autres d&#039;aujourd&#039;hui.\" \/>\n<meta property=\"og:url\" content=\"https:\/\/www.agadir-oufella.ma\/fr\/galerie-photos-videos\/\" \/>\n<meta property=\"og:site_name\" content=\"Kasbah d&#039;Agadir Oufella\" \/>\n<meta property=\"article:modified_time\" content=\"2025-10-31T16:32:26+00:00\" \/>\n<meta name=\"twitter:card\" content=\"summary_large_image\" \/>\n<script type=\"application\/ld+json\" class=\"yoast-schema-graph\">{\"@context\":\"https:\/\/schema.org\",\"@graph\":[{\"@type\":\"WebPage\",\"@id\":\"https:\/\/www.agadir-oufella.ma\/fr\/galerie-photos-videos\/\",\"url\":\"https:\/\/www.agadir-oufella.ma\/fr\/galerie-photos-videos\/\",\"name\":\"Galerie photos\/vid\u00e9os - Kasbah d&#039;Agadir Oufella\",\"isPartOf\":{\"@id\":\"https:\/\/www.agadir-oufella.ma\/fr\/#website\"},\"datePublished\":\"2022-07-22T10:05:52+00:00\",\"dateModified\":\"2025-10-31T16:32:26+00:00\",\"description\":\"Nous vous proposons une galerie des meilleurs clich\u00e9s\/vid\u00e9os de la Kasbah Agadir Oufella, des photos d'archives et d'autres d'aujourd'hui.\",\"breadcrumb\":{\"@id\":\"https:\/\/www.agadir-oufella.ma\/fr\/galerie-photos-videos\/#breadcrumb\"},\"inLanguage\":\"fr-FR\",\"potentialAction\":[{\"@type\":\"ReadAction\",\"target\":[\"https:\/\/www.agadir-oufella.ma\/fr\/galerie-photos-videos\/\"]}]},{\"@type\":\"BreadcrumbList\",\"@id\":\"https:\/\/www.agadir-oufella.ma\/fr\/galerie-photos-videos\/#breadcrumb\",\"itemListElement\":[{\"@type\":\"ListItem\",\"position\":1,\"name\":\"Accueil\",\"item\":\"https:\/\/www.agadir-oufella.ma\/fr\/\"},{\"@type\":\"ListItem\",\"position\":2,\"name\":\"Galerie photos\/vid\u00e9os\"}]},{\"@type\":\"WebSite\",\"@id\":\"https:\/\/www.agadir-oufella.ma\/fr\/#website\",\"url\":\"https:\/\/www.agadir-oufella.ma\/fr\/\",\"name\":\"Kasbah d&#039;Agadir Oufella\",\"description\":\"\",\"publisher\":{\"@id\":\"https:\/\/www.agadir-oufella.ma\/fr\/#organization\"},\"potentialAction\":[{\"@type\":\"SearchAction\",\"target\":{\"@type\":\"EntryPoint\",\"urlTemplate\":\"https:\/\/www.agadir-oufella.ma\/fr\/?s={search_term_string}\"},\"query-input\":{\"@type\":\"PropertyValueSpecification\",\"valueRequired\":true,\"valueName\":\"search_term_string\"}}],\"inLanguage\":\"fr-FR\"},{\"@type\":\"Organization\",\"@id\":\"https:\/\/www.agadir-oufella.ma\/fr\/#organization\",\"name\":\"Kasbah d&#039;Agadir Oufella\",\"url\":\"https:\/\/www.agadir-oufella.ma\/fr\/\",\"logo\":{\"@type\":\"ImageObject\",\"inLanguage\":\"fr-FR\",\"@id\":\"https:\/\/www.agadir-oufella.ma\/fr\/#\/schema\/logo\/image\/\",\"url\":\"https:\/\/www.agadir-oufella.ma\/wp-content\/uploads\/2023\/09\/LOGOAGOF.svg\",\"contentUrl\":\"https:\/\/www.agadir-oufella.ma\/wp-content\/uploads\/2023\/09\/LOGOAGOF.svg\",\"width\":150,\"height\":150,\"caption\":\"Kasbah d&#039;Agadir Oufella\"},\"image\":{\"@id\":\"https:\/\/www.agadir-oufella.ma\/fr\/#\/schema\/logo\/image\/\"}}]}<\/script>\n<!-- \/ Yoast SEO plugin. -->","yoast_head_json":{"title":"Galerie photos\/vid\u00e9os - Kasbah d&#039;Agadir Oufella","description":"Nous vous proposons une galerie des meilleurs clich\u00e9s\/vid\u00e9os de la Kasbah Agadir Oufella, des photos d'archives et d'autres d'aujourd'hui.","robots":{"index":"index","follow":"follow","max-snippet":"max-snippet:-1","max-image-preview":"max-image-preview:large","max-video-preview":"max-video-preview:-1"},"canonical":"https:\/\/www.agadir-oufella.ma\/fr\/galerie-photos-videos\/","og_locale":"fr_FR","og_type":"article","og_title":"Galerie photos\/vid\u00e9os - Kasbah d&#039;Agadir Oufella","og_description":"Nous vous proposons une galerie des meilleurs clich\u00e9s\/vid\u00e9os de la Kasbah Agadir Oufella, des photos d'archives et d'autres d'aujourd'hui.","og_url":"https:\/\/www.agadir-oufella.ma\/fr\/galerie-photos-videos\/","og_site_name":"Kasbah d&#039;Agadir Oufella","article_modified_time":"2025-10-31T16:32:26+00:00","twitter_card":"summary_large_image","schema":{"@context":"https:\/\/schema.org","@graph":[{"@type":"WebPage","@id":"https:\/\/www.agadir-oufella.ma\/fr\/galerie-photos-videos\/","url":"https:\/\/www.agadir-oufella.ma\/fr\/galerie-photos-videos\/","name":"Galerie photos\/vid\u00e9os - Kasbah d&#039;Agadir Oufella","isPartOf":{"@id":"https:\/\/www.agadir-oufella.ma\/fr\/#website"},"datePublished":"2022-07-22T10:05:52+00:00","dateModified":"2025-10-31T16:32:26+00:00","description":"Nous vous proposons une galerie des meilleurs clich\u00e9s\/vid\u00e9os de la Kasbah Agadir Oufella, des photos d'archives et d'autres d'aujourd'hui.","breadcrumb":{"@id":"https:\/\/www.agadir-oufella.ma\/fr\/galerie-photos-videos\/#breadcrumb"},"inLanguage":"fr-FR","potentialAction":[{"@type":"ReadAction","target":["https:\/\/www.agadir-oufella.ma\/fr\/galerie-photos-videos\/"]}]},{"@type":"BreadcrumbList","@id":"https:\/\/www.agadir-oufella.ma\/fr\/galerie-photos-videos\/#breadcrumb","itemListElement":[{"@type":"ListItem","position":1,"name":"Accueil","item":"https:\/\/www.agadir-oufella.ma\/fr\/"},{"@type":"ListItem","position":2,"name":"Galerie photos\/vid\u00e9os"}]},{"@type":"WebSite","@id":"https:\/\/www.agadir-oufella.ma\/fr\/#website","url":"https:\/\/www.agadir-oufella.ma\/fr\/","name":"Kasbah d&#039;Agadir Oufella","description":"","publisher":{"@id":"https:\/\/www.agadir-oufella.ma\/fr\/#organization"},"potentialAction":[{"@type":"SearchAction","target":{"@type":"EntryPoint","urlTemplate":"https:\/\/www.agadir-oufella.ma\/fr\/?s={search_term_string}"},"query-input":{"@type":"PropertyValueSpecification","valueRequired":true,"valueName":"search_term_string"}}],"inLanguage":"fr-FR"},{"@type":"Organization","@id":"https:\/\/www.agadir-oufella.ma\/fr\/#organization","name":"Kasbah d&#039;Agadir Oufella","url":"https:\/\/www.agadir-oufella.ma\/fr\/","logo":{"@type":"ImageObject","inLanguage":"fr-FR","@id":"https:\/\/www.agadir-oufella.ma\/fr\/#\/schema\/logo\/image\/","url":"https:\/\/www.agadir-oufella.ma\/wp-content\/uploads\/2023\/09\/LOGOAGOF.svg","contentUrl":"https:\/\/www.agadir-oufella.ma\/wp-content\/uploads\/2023\/09\/LOGOAGOF.svg","width":150,"height":150,"caption":"Kasbah d&#039;Agadir Oufella"},"image":{"@id":"https:\/\/www.agadir-oufella.ma\/fr\/#\/schema\/logo\/image\/"}}]}},"_links":{"self":[{"href":"https:\/\/www.agadir-oufella.ma\/fr\/wp-json\/wp\/v2\/pages\/76","targetHints":{"allow":["GET"]}}],"collection":[{"href":"https:\/\/www.agadir-oufella.ma\/fr\/wp-json\/wp\/v2\/pages"}],"about":[{"href":"https:\/\/www.agadir-oufella.ma\/fr\/wp-json\/wp\/v2\/types\/page"}],"author":[{"embeddable":true,"href":"https:\/\/www.agadir-oufella.ma\/fr\/wp-json\/wp\/v2\/users\/1"}],"replies":[{"embeddable":true,"href":"https:\/\/www.agadir-oufella.ma\/fr\/wp-json\/wp\/v2\/comments?post=76"}],"version-history":[{"count":32,"href":"https:\/\/www.agadir-oufella.ma\/fr\/wp-json\/wp\/v2\/pages\/76\/revisions"}],"predecessor-version":[{"id":12199,"href":"https:\/\/www.agadir-oufella.ma\/fr\/wp-json\/wp\/v2\/pages\/76\/revisions\/12199"}],"wp:attachment":[{"href":"https:\/\/www.agadir-oufella.ma\/fr\/wp-json\/wp\/v2\/media?parent=76"}],"curies":[{"name":"wp","href":"https:\/\/api.w.org\/{rel}","templated":true}]}}