
{"id":78,"date":"2022-07-22T11:06:13","date_gmt":"2022-07-22T10:06:13","guid":{"rendered":"https:\/\/www.agadir-oufella.ma\/?page_id=78"},"modified":"2023-06-15T12:34:50","modified_gmt":"2023-06-15T11:34:50","slug":"gestion-des-cookies","status":"publish","type":"page","link":"https:\/\/www.agadir-oufella.ma\/fr\/gestion-des-cookies\/","title":{"rendered":"Gestion des cookies"},"content":{"rendered":"<section class=\"topbar\">\n    <picture>\n                  <img loading=\"lazy\" decoding=\"async\" src=\"https:\/\/www.agadir-oufella.ma\/wp-content\/uploads\/2022\/07\/topbar.jpg\" alt=\"Kasbah d'Agadir Oufella\" width=\"1920\" height=\"297\" \/>\n            <\/picture>\n<\/section>\n<ol class=\"breadcrumb\" itemscope itemtype=\"http:\/\/schema.org\/BreadcrumbList\"><li itemprop=\"itemListElement\" itemscope itemtype=\"http:\/\/schema.org\/ListItem\"><a itemprop=\"item\" href=\"https:\/\/www.agadir-oufella.ma\/fr\/\">Accueil<span itemprop='name'>  <\/span><\/a><span itemprop='position' content='1'>&gt;<\/span><\/li><\/ol>\n\n\n<section class=\"texte-titre\" data-aos=\"fade-up\">\n\t<div class=\"wrapper\">\n    \t\t  <h1> Gestion des cookies <\/h1>\n    \t\t<h2>Qu\u2019est ce qu\u2019un cookie ?<\/h2>\n<p>Un cookie est un t\u00e9moin de connexion qui sauvegarde une suite d&rsquo;informations qui peut \u00eatre utilis\u00e9e pour une connexion ult\u00e9rieure. Certains de ces cookies sont importants pour acc\u00e9der \u00e0 certaines fonctions d\u2019un site. D\u2019autres cookies sont jug\u00e9es pratiques pour le visiteur : ils sauvegardent de mani\u00e8re s\u00e9curis\u00e9e le nom d\u2019utilisateur, de m\u00e9moriser des informations relatives \u00e0 un formulaire, le contenu de votre panier de commandes, d\u2019acc\u00e9der \u00e0 vos informations personnelles par exemple. Les cookies signifient qu\u2019\u00e0 chaque fois que vous visitez un site web, vous n\u2019avez pas besoin de saisir \u00e0 nouveau les m\u00eames informations.<\/p>\n<h2>Pourquoi utiliser un cookie ?<\/h2>\n<p>Afin d\u2019optimiser votre navigation sur Internet, de la rendre plus agr\u00e9able sans vous soucier de saisir les m\u00eames informations \u00e0 chaque fois, nous avons souhait\u00e9 utiliser des cookies. Par ailleurs, lorsque vous souhaitez commander, le contenu de votre panier va rester en m\u00e9moire afin de ne pas vous obliger \u00e0 ressaisir toutes les informations. Les performances et la navigation sur notre site en seront meilleures.<\/p>\n<h2>Comment g\u00e9rer mes cookies ?<\/h2>\n<p>Vous pouvez \u00e0 tout moment, autoriser, limiter ou interdire les cookies.<br \/>\nIl est important de savoir que tout param\u00e9trage sera susceptible de modifier votre navigation sur Internet et vos conditions d\u2019acc\u00e8s sur certains services n\u00e9cessitant l\u2019utilisation de cookies. Si vous choisissez de d\u00e9sactiver les cookies, votre nom d\u2019utilisateur ainsi que votre mot de passe ne seront plus sauvegard\u00e9s sur aucun site Web.<\/p>\n<h2>Comment d\u00e9sactiver mes cookies ?<\/h2>\n<p>Vous devez param\u00e9trer votre navigateur Internet ( Internet explorer TM, Firefox TM, safari TM, Google Chrome TM, \u2026) pour d\u00e9sactiver les cookies.<br \/>\nLa configuration de chaque navigateur \u00e9tant diff\u00e9rente, nous vous invitons \u00e0 consulter le menu d\u2019aide de votre navigateur.<\/p>\n<p>Vous trouverez ci-dessous avec les principaux navigateurs la proc\u00e9dure \u00e0 suivre pour refuser les cookies.<\/p>\n<h3>Chrome<\/h3>\n<ul>\n<li>Dans le menu de Chrome, s\u00e9lectionnez \u00ab Param\u00e8tres \u00bb<\/li>\n<li>Affichez les param\u00e8tres avanc\u00e9s<\/li>\n<li>Rendez-vous dans le paragraphe \u00ab Confidentialit\u00e9 \u00bb<\/li>\n<li>Cliquez sur \u00ab Param\u00e8tres de contenu \u00bb<\/li>\n<li>Dans le paragraphe \u00ab Cookies \u00bb (premier paragraphe), cochez la case \u00ab Bloquer les cookies et les donn\u00e9es de site tiers \u00bb<\/li>\n<li>Enregistrez les modifications en cliquant sur \u00ab OK \u00bb<\/li>\n<\/ul>\n<h3>Firefox<\/h3>\n<ul>\n<li>Dans le menu de Firefox, allez dans \u00ab Outils \u00bb puis dans \u00ab Options \u00bb<\/li>\n<li>Sur l\u2019onglet \u00ab Vie Priv\u00e9e \u00bb, cochez la case \u00ab Accepter les cookies \u00bb<\/li>\n<li>Pour le param\u00e8tre \u00ab Accepter les cookies tiers \u00bb, s\u00e9lectionnez \u00ab Jamais \u00bb<\/li>\n<li>Enregistrez les modifications en cliquant sur \u00ab OK \u00bb<\/li>\n<\/ul>\n<h3>Internet Explorer<\/h3>\n<ul>\n<li>Dans le menu d\u2019Internet Explorer, allez sur \u00ab Options internet \u00bb<\/li>\n<li>Dans l\u2019onglet \u00ab Confidentialit\u00e9 \u00bb, cliquez sur le bouton \u00ab Avanc\u00e9 \u00bb<\/li>\n<li>Acceptez les cookies internes, refusez les cookies tierce partie<\/li>\n<li>Enregistrez les modifications en cliquant sur \u00ab OK \u00bb<\/li>\n<\/ul>\n<h3>Safari<\/h3>\n<ul>\n<li>Dans le menu de Safari, s\u00e9lectionnez \u00ab Pr\u00e9f\u00e9rences \u00bb<\/li>\n<li>Dans la fen\u00eatre qui s\u2019est ouverte, allez sur l\u2019onglet \u00ab S\u00e9curit\u00e9 \u00bb<\/li>\n<li>Au choix, \u00ab Accepter les cookies \u00bb, s\u00e9lectionnez \u00ab Provenant seulement des sites que je visite \u00bb<\/li>\n<\/ul>\n\t<\/div>\n<\/section>\n\n\n\n<div style=\"height:40px\" aria-hidden=\"true\" class=\"wp-block-spacer\"><\/div>\n","protected":false},"excerpt":{"rendered":"","protected":false},"author":1,"featured_media":0,"parent":0,"menu_order":88,"comment_status":"closed","ping_status":"closed","template":"","meta":{"inline_featured_image":false,"footnotes":""},"class_list":["post-78","page","type-page","status-publish","hentry"],"yoast_head":"<!-- This site is optimized with the Yoast SEO plugin v25.0 - https:\/\/yoast.com\/wordpress\/plugins\/seo\/ -->\n<title>Gestion des cookies - Kasbah d&#039;Agadir Oufella<\/title>\n<meta name=\"robots\" content=\"index, follow, max-snippet:-1, max-image-preview:large, max-video-preview:-1\" \/>\n<link rel=\"canonical\" href=\"https:\/\/www.agadir-oufella.ma\/fr\/gestion-des-cookies\/\" \/>\n<meta property=\"og:locale\" content=\"fr_FR\" \/>\n<meta property=\"og:type\" content=\"article\" \/>\n<meta property=\"og:title\" content=\"Gestion des cookies - Kasbah d&#039;Agadir Oufella\" \/>\n<meta property=\"og:url\" content=\"https:\/\/www.agadir-oufella.ma\/fr\/gestion-des-cookies\/\" \/>\n<meta property=\"og:site_name\" content=\"Kasbah d&#039;Agadir Oufella\" \/>\n<meta property=\"article:modified_time\" content=\"2023-06-15T11:34:50+00:00\" \/>\n<meta name=\"twitter:card\" content=\"summary_large_image\" \/>\n<script type=\"application\/ld+json\" class=\"yoast-schema-graph\">{\"@context\":\"https:\/\/schema.org\",\"@graph\":[{\"@type\":\"WebPage\",\"@id\":\"https:\/\/www.agadir-oufella.ma\/fr\/gestion-des-cookies\/\",\"url\":\"https:\/\/www.agadir-oufella.ma\/fr\/gestion-des-cookies\/\",\"name\":\"Gestion des cookies - Kasbah d&#039;Agadir Oufella\",\"isPartOf\":{\"@id\":\"https:\/\/www.agadir-oufella.ma\/fr\/#website\"},\"datePublished\":\"2022-07-22T10:06:13+00:00\",\"dateModified\":\"2023-06-15T11:34:50+00:00\",\"breadcrumb\":{\"@id\":\"https:\/\/www.agadir-oufella.ma\/fr\/gestion-des-cookies\/#breadcrumb\"},\"inLanguage\":\"fr-FR\",\"potentialAction\":[{\"@type\":\"ReadAction\",\"target\":[\"https:\/\/www.agadir-oufella.ma\/fr\/gestion-des-cookies\/\"]}]},{\"@type\":\"BreadcrumbList\",\"@id\":\"https:\/\/www.agadir-oufella.ma\/fr\/gestion-des-cookies\/#breadcrumb\",\"itemListElement\":[{\"@type\":\"ListItem\",\"position\":1,\"name\":\"Accueil\",\"item\":\"https:\/\/www.agadir-oufella.ma\/fr\/\"},{\"@type\":\"ListItem\",\"position\":2,\"name\":\"Gestion des cookies\"}]},{\"@type\":\"WebSite\",\"@id\":\"https:\/\/www.agadir-oufella.ma\/fr\/#website\",\"url\":\"https:\/\/www.agadir-oufella.ma\/fr\/\",\"name\":\"Kasbah d&#039;Agadir Oufella\",\"description\":\"\",\"publisher\":{\"@id\":\"https:\/\/www.agadir-oufella.ma\/fr\/#organization\"},\"potentialAction\":[{\"@type\":\"SearchAction\",\"target\":{\"@type\":\"EntryPoint\",\"urlTemplate\":\"https:\/\/www.agadir-oufella.ma\/fr\/?s={search_term_string}\"},\"query-input\":{\"@type\":\"PropertyValueSpecification\",\"valueRequired\":true,\"valueName\":\"search_term_string\"}}],\"inLanguage\":\"fr-FR\"},{\"@type\":\"Organization\",\"@id\":\"https:\/\/www.agadir-oufella.ma\/fr\/#organization\",\"name\":\"Kasbah d&#039;Agadir Oufella\",\"url\":\"https:\/\/www.agadir-oufella.ma\/fr\/\",\"logo\":{\"@type\":\"ImageObject\",\"inLanguage\":\"fr-FR\",\"@id\":\"https:\/\/www.agadir-oufella.ma\/fr\/#\/schema\/logo\/image\/\",\"url\":\"https:\/\/www.agadir-oufella.ma\/wp-content\/uploads\/2023\/09\/LOGOAGOF.svg\",\"contentUrl\":\"https:\/\/www.agadir-oufella.ma\/wp-content\/uploads\/2023\/09\/LOGOAGOF.svg\",\"width\":150,\"height\":150,\"caption\":\"Kasbah d&#039;Agadir Oufella\"},\"image\":{\"@id\":\"https:\/\/www.agadir-oufella.ma\/fr\/#\/schema\/logo\/image\/\"}}]}<\/script>\n<!-- \/ Yoast SEO plugin. -->","yoast_head_json":{"title":"Gestion des cookies - Kasbah d&#039;Agadir Oufella","robots":{"index":"index","follow":"follow","max-snippet":"max-snippet:-1","max-image-preview":"max-image-preview:large","max-video-preview":"max-video-preview:-1"},"canonical":"https:\/\/www.agadir-oufella.ma\/fr\/gestion-des-cookies\/","og_locale":"fr_FR","og_type":"article","og_title":"Gestion des cookies - Kasbah d&#039;Agadir Oufella","og_url":"https:\/\/www.agadir-oufella.ma\/fr\/gestion-des-cookies\/","og_site_name":"Kasbah d&#039;Agadir Oufella","article_modified_time":"2023-06-15T11:34:50+00:00","twitter_card":"summary_large_image","schema":{"@context":"https:\/\/schema.org","@graph":[{"@type":"WebPage","@id":"https:\/\/www.agadir-oufella.ma\/fr\/gestion-des-cookies\/","url":"https:\/\/www.agadir-oufella.ma\/fr\/gestion-des-cookies\/","name":"Gestion des cookies - Kasbah d&#039;Agadir Oufella","isPartOf":{"@id":"https:\/\/www.agadir-oufella.ma\/fr\/#website"},"datePublished":"2022-07-22T10:06:13+00:00","dateModified":"2023-06-15T11:34:50+00:00","breadcrumb":{"@id":"https:\/\/www.agadir-oufella.ma\/fr\/gestion-des-cookies\/#breadcrumb"},"inLanguage":"fr-FR","potentialAction":[{"@type":"ReadAction","target":["https:\/\/www.agadir-oufella.ma\/fr\/gestion-des-cookies\/"]}]},{"@type":"BreadcrumbList","@id":"https:\/\/www.agadir-oufella.ma\/fr\/gestion-des-cookies\/#breadcrumb","itemListElement":[{"@type":"ListItem","position":1,"name":"Accueil","item":"https:\/\/www.agadir-oufella.ma\/fr\/"},{"@type":"ListItem","position":2,"name":"Gestion des cookies"}]},{"@type":"WebSite","@id":"https:\/\/www.agadir-oufella.ma\/fr\/#website","url":"https:\/\/www.agadir-oufella.ma\/fr\/","name":"Kasbah d&#039;Agadir Oufella","description":"","publisher":{"@id":"https:\/\/www.agadir-oufella.ma\/fr\/#organization"},"potentialAction":[{"@type":"SearchAction","target":{"@type":"EntryPoint","urlTemplate":"https:\/\/www.agadir-oufella.ma\/fr\/?s={search_term_string}"},"query-input":{"@type":"PropertyValueSpecification","valueRequired":true,"valueName":"search_term_string"}}],"inLanguage":"fr-FR"},{"@type":"Organization","@id":"https:\/\/www.agadir-oufella.ma\/fr\/#organization","name":"Kasbah d&#039;Agadir Oufella","url":"https:\/\/www.agadir-oufella.ma\/fr\/","logo":{"@type":"ImageObject","inLanguage":"fr-FR","@id":"https:\/\/www.agadir-oufella.ma\/fr\/#\/schema\/logo\/image\/","url":"https:\/\/www.agadir-oufella.ma\/wp-content\/uploads\/2023\/09\/LOGOAGOF.svg","contentUrl":"https:\/\/www.agadir-oufella.ma\/wp-content\/uploads\/2023\/09\/LOGOAGOF.svg","width":150,"height":150,"caption":"Kasbah d&#039;Agadir Oufella"},"image":{"@id":"https:\/\/www.agadir-oufella.ma\/fr\/#\/schema\/logo\/image\/"}}]}},"_links":{"self":[{"href":"https:\/\/www.agadir-oufella.ma\/fr\/wp-json\/wp\/v2\/pages\/78","targetHints":{"allow":["GET"]}}],"collection":[{"href":"https:\/\/www.agadir-oufella.ma\/fr\/wp-json\/wp\/v2\/pages"}],"about":[{"href":"https:\/\/www.agadir-oufella.ma\/fr\/wp-json\/wp\/v2\/types\/page"}],"author":[{"embeddable":true,"href":"https:\/\/www.agadir-oufella.ma\/fr\/wp-json\/wp\/v2\/users\/1"}],"replies":[{"embeddable":true,"href":"https:\/\/www.agadir-oufella.ma\/fr\/wp-json\/wp\/v2\/comments?post=78"}],"version-history":[{"count":7,"href":"https:\/\/www.agadir-oufella.ma\/fr\/wp-json\/wp\/v2\/pages\/78\/revisions"}],"predecessor-version":[{"id":5063,"href":"https:\/\/www.agadir-oufella.ma\/fr\/wp-json\/wp\/v2\/pages\/78\/revisions\/5063"}],"wp:attachment":[{"href":"https:\/\/www.agadir-oufella.ma\/fr\/wp-json\/wp\/v2\/media?parent=78"}],"curies":[{"name":"wp","href":"https:\/\/api.w.org\/{rel}","templated":true}]}}