
{"id":80,"date":"2022-07-22T11:06:28","date_gmt":"2022-07-22T10:06:28","guid":{"rendered":"https:\/\/www.agadir-oufella.ma\/?page_id=80"},"modified":"2025-05-29T11:59:09","modified_gmt":"2025-05-29T10:59:09","slug":"politique-de-confidentialite","status":"publish","type":"page","link":"https:\/\/www.agadir-oufella.ma\/fr\/politique-de-confidentialite\/","title":{"rendered":"Politique de confidentialit\u00e9"},"content":{"rendered":"<section class=\"topbar\">\n    <picture>\n                  <img loading=\"lazy\" decoding=\"async\" src=\"https:\/\/www.agadir-oufella.ma\/wp-content\/uploads\/2022\/07\/topbar.jpg\" alt=\"Kasbah d'Agadir Oufella\" width=\"1920\" height=\"297\" \/>\n            <\/picture>\n<\/section>\n<ol class=\"breadcrumb\" itemscope itemtype=\"http:\/\/schema.org\/BreadcrumbList\"><li itemprop=\"itemListElement\" itemscope itemtype=\"http:\/\/schema.org\/ListItem\"><a itemprop=\"item\" href=\"https:\/\/www.agadir-oufella.ma\/fr\/\">Accueil<span itemprop='name'>  <\/span><\/a><span itemprop='position' content='1'>&gt;<\/span><\/li><\/ol>\n\n<section class=\"intro\" data-aos=\"fade-up\">\n        <h1> Politique de confidentialit\u00e9  <\/h1>\n        <div >\n        <p>La pr\u00e9sente politique de confidentialit\u00e9 a pour objectif de vous informer de la mani\u00e8re dont nous collectons, utilisons, conservons et prot\u00e9geons vos donn\u00e9es personnelles lorsque vous utilisez le site internet https:\/\/www.agadir-oufella.ma, conform\u00e9ment aux dispositions de la loi n\u00b0 09-08 relative \u00e0 la protection des donn\u00e9es \u00e0 caract\u00e8re personnel.<\/p>\n<p>La Soci\u00e9t\u00e9 de D\u00e9veloppement Touristique Souss Massa s\u2019engage \u00e0 respecter la vie priv\u00e9e de toute personne dont les donn\u00e9es sont trait\u00e9es et \u00e0 mettre en \u0153uvre les mesures n\u00e9cessaires pour garantir leur s\u00e9curit\u00e9 et leur confidentialit\u00e9.<\/p>\n<p>Notre politique de confidentialit\u00e9 peut changer \u00e0 tout moment. Veuillez v\u00e9rifier r\u00e9guli\u00e8rement les derni\u00e8res mises \u00e0 jour de notre politique de confidentialit\u00e9.<\/p>\n    <\/div>\n<\/section>\n\n\n\n\n<div style=\"height:20px\" aria-hidden=\"true\" class=\"wp-block-spacer\"><\/div>\n\n\n\n<section class=\"texte-titre\" data-aos=\"fade-up\">\n\t<div class=\"wrapper\">\n    \t\t  <h2> Informations que nous collectons <\/h2>\n    \t\t<p>Nous pouvons collecter les donn\u00e9es personnelles suivantes vous concernant :<\/p>\n<ul>\n<li>Nom, pr\u00e9nom<\/li>\n<li>Num\u00e9ro de t\u00e9l\u00e9phone<\/li>\n<li>Adresse Email<\/li>\n<li>Adresse IP<\/li>\n<\/ul>\n<p>Ces donn\u00e9es personnelles sont collect\u00e9es quand vous naviguez sur notre site web ou quand nous contactez via notre formulaire de contact.<\/p>\n<h3>Utilisation de vos donn\u00e9es personnelles<\/h3>\n<p>Nous utilisons l&rsquo;information vous concernant pour vous contacter et r\u00e9pondre \u00e0 votre demande<\/p>\n<h3>Stockage de vos donn\u00e9es personnelles<\/h3>\n<p>Le site internet et les donn\u00e9es personnelles collect\u00e9es vous concernant sont stock\u00e9s sur un serveur situ\u00e9 en Suisse.<\/p>\n<h3>Dur\u00e9e de conservation<\/h3>\n<p>Vos donn\u00e9es personnelles sont conserv\u00e9es pendant une dur\u00e9e strictement n\u00e9cessaire \u00e0 la finalit\u00e9 pour laquelle elles ont \u00e9t\u00e9 collect\u00e9es.<\/p>\n<h3>Cookies<\/h3>\n<p>Notre site internet utilise des cookies pour collecter des informations. Les cookies (ou traceurs) sont des fichiers de donn\u00e9es plac\u00e9s sur un ordinateur, un mobile ou tout appareil (tels que les smart phones ou les tablettes) lorsque vous naviguez sur notre site Internet.<\/p>\n<h3>Protection des donn\u00e9es \u00e0 caract\u00e8re personnel<\/h3>\n<p>Aucune donn\u00e9e \u00e0 caract\u00e8re personnel n\u2019est collect\u00e9e \u00e0 votre insu. Dans une logique de respect de la vie priv\u00e9e, la Soci\u00e9t\u00e9 de D\u00e9veloppement Touristique s\u2019engage \u00e0 ce que la collecte et le traitement des donn\u00e9es \u00e0 caract\u00e8re personnel soient effectu\u00e9s conform\u00e9ment \u00e0 la loi n\u00b009-08 du 18 f\u00e9vrier 2009 relative \u00e0 la protection des personnes physiques \u00e0 l\u2019\u00e9gard du traitement des donn\u00e9es \u00e0 caract\u00e8re personnel.<\/p>\n<h3>S\u00e9curit\u00e9<\/h3>\n<p>Nous mettons en \u0153uvre les mesures techniques et organisationnelles appropri\u00e9es pour prot\u00e9ger vos donn\u00e9es personnelles contre tout acc\u00e8s non autoris\u00e9, perte, alt\u00e9ration ou divulgation.<\/p>\n<h3>Vos droits<\/h3>\n<p>Conform\u00e9ment \u00e0 la loi 09-08, vous disposez des droits suivants :<\/p>\n<ul>\n<li>Droit d\u2019acc\u00e8s \u00e0 vos donn\u00e9es<\/li>\n<li>Droit de rectification<\/li>\n<li>Droit d\u2019opposition au traitement<\/li>\n<li>Droit \u00e0 la suppression, dans les limites pr\u00e9vues par la loi<\/li>\n<\/ul>\n<p>Pour exercer vos droits, veuillez adresser une demande au d\u00e9partement Administratif et Financier de la SDRT en contactant l&rsquo;adresse email : contact@sdrt-sm.ma<br \/>\nCe traitement a \u00e9t\u00e9 d\u00e9clar\u00e9 aupr\u00e8s de la CNDP.<\/p>\n\t<\/div>\n<\/section>\n\n\n\n<div style=\"height:20px\" aria-hidden=\"true\" class=\"wp-block-spacer\"><\/div>\n","protected":false},"excerpt":{"rendered":"","protected":false},"author":1,"featured_media":0,"parent":0,"menu_order":94,"comment_status":"closed","ping_status":"closed","template":"","meta":{"inline_featured_image":false,"footnotes":""},"class_list":["post-80","page","type-page","status-publish","hentry"],"yoast_head":"<!-- This site is optimized with the Yoast SEO plugin v25.0 - https:\/\/yoast.com\/wordpress\/plugins\/seo\/ -->\n<title>Politique de confidentialit\u00e9 - Kasbah d&#039;Agadir Oufella<\/title>\n<meta name=\"robots\" content=\"index, follow, max-snippet:-1, max-image-preview:large, max-video-preview:-1\" \/>\n<link rel=\"canonical\" href=\"https:\/\/www.agadir-oufella.ma\/fr\/politique-de-confidentialite\/\" \/>\n<meta property=\"og:locale\" content=\"fr_FR\" \/>\n<meta property=\"og:type\" content=\"article\" \/>\n<meta property=\"og:title\" content=\"Politique de confidentialit\u00e9 - Kasbah d&#039;Agadir Oufella\" \/>\n<meta property=\"og:url\" content=\"https:\/\/www.agadir-oufella.ma\/fr\/politique-de-confidentialite\/\" \/>\n<meta property=\"og:site_name\" content=\"Kasbah d&#039;Agadir Oufella\" \/>\n<meta property=\"article:modified_time\" content=\"2025-05-29T10:59:09+00:00\" \/>\n<meta name=\"twitter:card\" content=\"summary_large_image\" \/>\n<script type=\"application\/ld+json\" class=\"yoast-schema-graph\">{\"@context\":\"https:\/\/schema.org\",\"@graph\":[{\"@type\":\"WebPage\",\"@id\":\"https:\/\/www.agadir-oufella.ma\/fr\/politique-de-confidentialite\/\",\"url\":\"https:\/\/www.agadir-oufella.ma\/fr\/politique-de-confidentialite\/\",\"name\":\"Politique de confidentialit\u00e9 - Kasbah d&#039;Agadir Oufella\",\"isPartOf\":{\"@id\":\"https:\/\/www.agadir-oufella.ma\/fr\/#website\"},\"datePublished\":\"2022-07-22T10:06:28+00:00\",\"dateModified\":\"2025-05-29T10:59:09+00:00\",\"breadcrumb\":{\"@id\":\"https:\/\/www.agadir-oufella.ma\/fr\/politique-de-confidentialite\/#breadcrumb\"},\"inLanguage\":\"fr-FR\",\"potentialAction\":[{\"@type\":\"ReadAction\",\"target\":[\"https:\/\/www.agadir-oufella.ma\/fr\/politique-de-confidentialite\/\"]}]},{\"@type\":\"BreadcrumbList\",\"@id\":\"https:\/\/www.agadir-oufella.ma\/fr\/politique-de-confidentialite\/#breadcrumb\",\"itemListElement\":[{\"@type\":\"ListItem\",\"position\":1,\"name\":\"Accueil\",\"item\":\"https:\/\/www.agadir-oufella.ma\/fr\/\"},{\"@type\":\"ListItem\",\"position\":2,\"name\":\"Politique de confidentialit\u00e9\"}]},{\"@type\":\"WebSite\",\"@id\":\"https:\/\/www.agadir-oufella.ma\/fr\/#website\",\"url\":\"https:\/\/www.agadir-oufella.ma\/fr\/\",\"name\":\"Kasbah d&#039;Agadir Oufella\",\"description\":\"\",\"publisher\":{\"@id\":\"https:\/\/www.agadir-oufella.ma\/fr\/#organization\"},\"potentialAction\":[{\"@type\":\"SearchAction\",\"target\":{\"@type\":\"EntryPoint\",\"urlTemplate\":\"https:\/\/www.agadir-oufella.ma\/fr\/?s={search_term_string}\"},\"query-input\":{\"@type\":\"PropertyValueSpecification\",\"valueRequired\":true,\"valueName\":\"search_term_string\"}}],\"inLanguage\":\"fr-FR\"},{\"@type\":\"Organization\",\"@id\":\"https:\/\/www.agadir-oufella.ma\/fr\/#organization\",\"name\":\"Kasbah d&#039;Agadir Oufella\",\"url\":\"https:\/\/www.agadir-oufella.ma\/fr\/\",\"logo\":{\"@type\":\"ImageObject\",\"inLanguage\":\"fr-FR\",\"@id\":\"https:\/\/www.agadir-oufella.ma\/fr\/#\/schema\/logo\/image\/\",\"url\":\"https:\/\/www.agadir-oufella.ma\/wp-content\/uploads\/2023\/09\/LOGOAGOF.svg\",\"contentUrl\":\"https:\/\/www.agadir-oufella.ma\/wp-content\/uploads\/2023\/09\/LOGOAGOF.svg\",\"width\":150,\"height\":150,\"caption\":\"Kasbah d&#039;Agadir Oufella\"},\"image\":{\"@id\":\"https:\/\/www.agadir-oufella.ma\/fr\/#\/schema\/logo\/image\/\"}}]}<\/script>\n<!-- \/ Yoast SEO plugin. -->","yoast_head_json":{"title":"Politique de confidentialit\u00e9 - Kasbah d&#039;Agadir Oufella","robots":{"index":"index","follow":"follow","max-snippet":"max-snippet:-1","max-image-preview":"max-image-preview:large","max-video-preview":"max-video-preview:-1"},"canonical":"https:\/\/www.agadir-oufella.ma\/fr\/politique-de-confidentialite\/","og_locale":"fr_FR","og_type":"article","og_title":"Politique de confidentialit\u00e9 - Kasbah d&#039;Agadir Oufella","og_url":"https:\/\/www.agadir-oufella.ma\/fr\/politique-de-confidentialite\/","og_site_name":"Kasbah d&#039;Agadir Oufella","article_modified_time":"2025-05-29T10:59:09+00:00","twitter_card":"summary_large_image","schema":{"@context":"https:\/\/schema.org","@graph":[{"@type":"WebPage","@id":"https:\/\/www.agadir-oufella.ma\/fr\/politique-de-confidentialite\/","url":"https:\/\/www.agadir-oufella.ma\/fr\/politique-de-confidentialite\/","name":"Politique de confidentialit\u00e9 - Kasbah d&#039;Agadir Oufella","isPartOf":{"@id":"https:\/\/www.agadir-oufella.ma\/fr\/#website"},"datePublished":"2022-07-22T10:06:28+00:00","dateModified":"2025-05-29T10:59:09+00:00","breadcrumb":{"@id":"https:\/\/www.agadir-oufella.ma\/fr\/politique-de-confidentialite\/#breadcrumb"},"inLanguage":"fr-FR","potentialAction":[{"@type":"ReadAction","target":["https:\/\/www.agadir-oufella.ma\/fr\/politique-de-confidentialite\/"]}]},{"@type":"BreadcrumbList","@id":"https:\/\/www.agadir-oufella.ma\/fr\/politique-de-confidentialite\/#breadcrumb","itemListElement":[{"@type":"ListItem","position":1,"name":"Accueil","item":"https:\/\/www.agadir-oufella.ma\/fr\/"},{"@type":"ListItem","position":2,"name":"Politique de confidentialit\u00e9"}]},{"@type":"WebSite","@id":"https:\/\/www.agadir-oufella.ma\/fr\/#website","url":"https:\/\/www.agadir-oufella.ma\/fr\/","name":"Kasbah d&#039;Agadir Oufella","description":"","publisher":{"@id":"https:\/\/www.agadir-oufella.ma\/fr\/#organization"},"potentialAction":[{"@type":"SearchAction","target":{"@type":"EntryPoint","urlTemplate":"https:\/\/www.agadir-oufella.ma\/fr\/?s={search_term_string}"},"query-input":{"@type":"PropertyValueSpecification","valueRequired":true,"valueName":"search_term_string"}}],"inLanguage":"fr-FR"},{"@type":"Organization","@id":"https:\/\/www.agadir-oufella.ma\/fr\/#organization","name":"Kasbah d&#039;Agadir Oufella","url":"https:\/\/www.agadir-oufella.ma\/fr\/","logo":{"@type":"ImageObject","inLanguage":"fr-FR","@id":"https:\/\/www.agadir-oufella.ma\/fr\/#\/schema\/logo\/image\/","url":"https:\/\/www.agadir-oufella.ma\/wp-content\/uploads\/2023\/09\/LOGOAGOF.svg","contentUrl":"https:\/\/www.agadir-oufella.ma\/wp-content\/uploads\/2023\/09\/LOGOAGOF.svg","width":150,"height":150,"caption":"Kasbah d&#039;Agadir Oufella"},"image":{"@id":"https:\/\/www.agadir-oufella.ma\/fr\/#\/schema\/logo\/image\/"}}]}},"_links":{"self":[{"href":"https:\/\/www.agadir-oufella.ma\/fr\/wp-json\/wp\/v2\/pages\/80","targetHints":{"allow":["GET"]}}],"collection":[{"href":"https:\/\/www.agadir-oufella.ma\/fr\/wp-json\/wp\/v2\/pages"}],"about":[{"href":"https:\/\/www.agadir-oufella.ma\/fr\/wp-json\/wp\/v2\/types\/page"}],"author":[{"embeddable":true,"href":"https:\/\/www.agadir-oufella.ma\/fr\/wp-json\/wp\/v2\/users\/1"}],"replies":[{"embeddable":true,"href":"https:\/\/www.agadir-oufella.ma\/fr\/wp-json\/wp\/v2\/comments?post=80"}],"version-history":[{"count":26,"href":"https:\/\/www.agadir-oufella.ma\/fr\/wp-json\/wp\/v2\/pages\/80\/revisions"}],"predecessor-version":[{"id":11880,"href":"https:\/\/www.agadir-oufella.ma\/fr\/wp-json\/wp\/v2\/pages\/80\/revisions\/11880"}],"wp:attachment":[{"href":"https:\/\/www.agadir-oufella.ma\/fr\/wp-json\/wp\/v2\/media?parent=80"}],"curies":[{"name":"wp","href":"https:\/\/api.w.org\/{rel}","templated":true}]}}