
{"id":82,"date":"2022-07-22T11:06:46","date_gmt":"2022-07-22T10:06:46","guid":{"rendered":"https:\/\/www.agadir-oufella.ma\/?page_id=82"},"modified":"2024-02-02T16:08:21","modified_gmt":"2024-02-02T15:08:21","slug":"mentions-legales","status":"publish","type":"page","link":"https:\/\/www.agadir-oufella.ma\/fr\/mentions-legales\/","title":{"rendered":"Mentions l\u00e9gales"},"content":{"rendered":"<section class=\"topbar\">\n    <picture>\n                  <img loading=\"lazy\" decoding=\"async\" src=\"https:\/\/www.agadir-oufella.ma\/wp-content\/uploads\/2022\/07\/topbar.jpg\" alt=\"Kasbah d'Agadir Oufella\" width=\"1920\" height=\"297\" \/>\n            <\/picture>\n<\/section>\n<ol class=\"breadcrumb\" itemscope itemtype=\"http:\/\/schema.org\/BreadcrumbList\"><li itemprop=\"itemListElement\" itemscope itemtype=\"http:\/\/schema.org\/ListItem\"><a itemprop=\"item\" href=\"https:\/\/www.agadir-oufella.ma\/fr\/\">Accueil<span itemprop='name'>  <\/span><\/a><span itemprop='position' content='1'>&gt;<\/span><\/li><\/ol>\n\n<section class=\"intro\" data-aos=\"fade-up\">\n        <h1> Propri\u00e9taire du site : <\/h1>\n        <div >\n        <p>Soci\u00e9t\u00e9 D\u00e9veloppement Touristique Souss Massa S.A \u00ab SDR \u00bb au capital de 21.500.000,00 Dh.<br \/>\nAdresse : Imm Dar Al Mouhami II, 2\u00e8me \u00e9tage N\u00b0A208 &#8211; Haut Founty, Agadir &#8211; Maroc<br \/>\nTP : 55001054 | RC : 39225 | IF : 31892812 | ICE: 002197995000093<\/p>\n<p><strong>D\u00e9veloppement du site :<\/strong><br \/>\nPICAXEL \/ <a href=\"https:\/\/www.picaxel.com\" target=\"_blank\" rel=\"noopener\">www.picaxel.com<\/a><\/p>\n    <\/div>\n<\/section>\n\n\n\n\n<div style=\"height:20px\" aria-hidden=\"true\" class=\"wp-block-spacer\"><\/div>\n\n\n\n<section class=\"texte-titre\" data-aos=\"fade-up\">\n\t<div class=\"wrapper\">\n    \t\t  <h2> 1- DROITS DE PROPRI\u00c9T\u00c9 INTELLECTUELLE <\/h2>\n    \t\t<p>Toute reproduction, repr\u00e9sentation, utilisation, adaptation, modification, incorporation, traduction, commercialisation, partielles ou int\u00e9grales par quelque proc\u00e9d\u00e9 et sur quelque support que ce soit (papier, num\u00e9rique, \u2026) sont interdites, sans l&rsquo;autorisation \u00e9crite pr\u00e9alable de la SDR.<\/p>\n<h2>2- INFORMATIONS RELATIVES AUX PRODUITS ET SERVICES<\/h2>\n<p>Les informations et illustrations figurant sur les pages de ce site Internet sont bas\u00e9es sur les caract\u00e9ristiques techniques en cours, au moment de la mise en ligne ou de la mise \u00e0 jour des diff\u00e9rentes pages du site.<\/p>\n<p>Dans le cadre d&rsquo;une politique d&rsquo;am\u00e9lioration constante du produit, la SDR peut modifier \u00e0 tout moment les caract\u00e9ristiques techniques et technologiques de ses produits et services.<br \/>\nEn tout \u00e9tat de cause, les informations contenues sur ce site sont des informations \u00e0 caract\u00e8re g\u00e9n\u00e9ral et n&rsquo;ont pas de valeur contractuelle.<\/p>\n<h2>3- PROTECTION DES DONN\u00c9ES PERSONNELLES<\/h2>\n<p>La consultation du site <strong>www.agadir-oufella.ma<\/strong> est possible sans que vous ayez \u00e0 r\u00e9v\u00e9ler votre identit\u00e9 ou toute autre information \u00e0 caract\u00e8re personnel.<\/p>\n<p>Concernant les informations \u00e0 caract\u00e8re nominatif que vous seriez amen\u00e9 \u00e0 nous communiquer, vous b\u00e9n\u00e9ficiez d&rsquo;un droit d&rsquo;acc\u00e8s et de rectification conform\u00e9ment \u00e0 la loi marocaine.<\/p>\n<p>La collecte de ces informations est n\u00e9cessaire pour r\u00e9pondre \u00e0 vos demandes de renseignement, de prise de rendez-vous et vous adresser, le cas \u00e9ch\u00e9ant, une lettre d&rsquo;information \u00e9lectronique.<\/p>\n<p>Nous vous signalons qu&rsquo;afin de vous proposer des produits et services toujours plus adapt\u00e9s, certaines informations \u00e0 caract\u00e8re non personnel, relatives \u00e0 votre activit\u00e9 sur ce site, seront automatiquement collect\u00e9es.<\/p>\n<h2>4- LIENS HYPERTEXTES<\/h2>\n<p>En tout \u00e9tat de cause, la SDR n&rsquo;est en aucun cas tenu responsable du contenu ainsi que des produits ou services propos\u00e9s sur les sites auxquels le site <strong>www.agadir-oufella.ma<\/strong> se trouverait li\u00e9 par des liens hypertextes ou tout autre type de liens.<\/p>\n<p>Le site <strong>www.agadir-oufella.ma<\/strong> contient un certain nombre de liens hypertextes vers d&rsquo;autres sites, mis en place avec l&rsquo;autorisation de la SDR.<\/p>\n<p>Cependant,la SDR n&rsquo;a pas la possibilit\u00e9 de v\u00e9rifier le contenu des sites ainsi visit\u00e9s, et n&rsquo;assumera en cons\u00e9quence aucune responsabilit\u00e9 de ce fait.<\/p>\n<h2>5- DROIT APPLICABLE<\/h2>\n<p>Le site Internet <strong>www.agadir-oufella.ma<\/strong> et les pr\u00e9sentes conditions g\u00e9n\u00e9rales sont soumis au droit marocain et sont r\u00e9dig\u00e9es en fran\u00e7ais.<\/p>\n<h2>6- LIMITATION DE RESPONSABILIT\u00c9<\/h2>\n<p>Vous utilisez le site <strong>www.agadir-oufella.ma<\/strong> sous votre seule et enti\u00e8re responsabilit\u00e9. la SDR et les membres de son r\u00e9seau ne pourront \u00eatre tenus pour responsables des dommages directs ou indirects, tels que, notamment, pr\u00e9judice mat\u00e9riel, pertes de donn\u00e9es ou de programme, pr\u00e9judice financier, r\u00e9sultant de l&rsquo;utilisation de ce site ou de sites qui lui sont li\u00e9s.<\/p>\n<p>Vous devez, en cons\u00e9quence, vous assurer que la loi du pays \u00e0 partir duquel vous vous connectez autorise la consultation du site <strong>www.agadir-oufella.ma<\/strong>.<\/p>\n<h2>7- MISE \u00c0 JOUR<\/h2>\n<p>La SDR se r\u00e9serve le droit de modifier et de mettre \u00e0 jour, sans pr\u00e9avis, les pr\u00e9sentes Conditions G\u00e9n\u00e9rales et tous les \u00e9l\u00e9ments, produits ou services pr\u00e9sent\u00e9s sur le site.<\/p>\n<p>L&rsquo;ensemble de ces modifications s&rsquo;impose aux internautes qui doivent consulter les pr\u00e9sentes Conditions G\u00e9n\u00e9rales lors de chaque connexion.<br \/>\nLe site Internet ne pourra \u00eatre tenu responsable de dommages mat\u00e9riels li\u00e9s \u00e0 l&rsquo;utilisation du site. De plus, l&rsquo;utilisateur du site s&rsquo;engage \u00e0 acc\u00e9der au site en utilisant un mat\u00e9riel r\u00e9cent, ne contenant pas de virus et avec un navigateur de derni\u00e8re g\u00e9n\u00e9ration mis-\u00e0-jour.<\/p>\n<p>Le site <strong>www.agadir-oufella.ma<\/strong> est destin\u00e9 \u00e0 l&rsquo;information et communication de produits et services des internautes qui l&rsquo;utilisent. L&rsquo;acc\u00e8s et l&rsquo;utilisation de ce site sont soumis aux pr\u00e9sentes \u00ab\u00a0conditions g\u00e9n\u00e9rales\u00a0\u00bb d\u00e9taill\u00e9es ci-apr\u00e8s ainsi qu&rsquo;aux lois applicables. La connexion et l&rsquo;acc\u00e8s au site <strong>www.agadir-oufella.ma<\/strong> implique l&rsquo;acceptation int\u00e9grale et sans r\u00e9serve de l&rsquo;internaute de toutes les dispositions des pr\u00e9sentes conditions g\u00e9n\u00e9rales.<\/p>\n\t<\/div>\n<\/section>\n\n\n\n<div style=\"height:40px\" aria-hidden=\"true\" class=\"wp-block-spacer\"><\/div>\n","protected":false},"excerpt":{"rendered":"","protected":false},"author":1,"featured_media":0,"parent":0,"menu_order":92,"comment_status":"closed","ping_status":"closed","template":"","meta":{"inline_featured_image":false,"footnotes":""},"class_list":["post-82","page","type-page","status-publish","hentry"],"yoast_head":"<!-- This site is optimized with the Yoast SEO plugin v25.0 - https:\/\/yoast.com\/wordpress\/plugins\/seo\/ -->\n<title>Mentions l\u00e9gales - Kasbah d&#039;Agadir Oufella<\/title>\n<meta name=\"robots\" content=\"index, follow, max-snippet:-1, max-image-preview:large, max-video-preview:-1\" \/>\n<link rel=\"canonical\" href=\"https:\/\/www.agadir-oufella.ma\/fr\/mentions-legales\/\" \/>\n<meta property=\"og:locale\" content=\"fr_FR\" \/>\n<meta property=\"og:type\" content=\"article\" \/>\n<meta property=\"og:title\" content=\"Mentions l\u00e9gales - Kasbah d&#039;Agadir Oufella\" \/>\n<meta property=\"og:url\" content=\"https:\/\/www.agadir-oufella.ma\/fr\/mentions-legales\/\" \/>\n<meta property=\"og:site_name\" content=\"Kasbah d&#039;Agadir Oufella\" \/>\n<meta property=\"article:modified_time\" content=\"2024-02-02T15:08:21+00:00\" \/>\n<meta name=\"twitter:card\" content=\"summary_large_image\" \/>\n<script type=\"application\/ld+json\" class=\"yoast-schema-graph\">{\"@context\":\"https:\/\/schema.org\",\"@graph\":[{\"@type\":\"WebPage\",\"@id\":\"https:\/\/www.agadir-oufella.ma\/fr\/mentions-legales\/\",\"url\":\"https:\/\/www.agadir-oufella.ma\/fr\/mentions-legales\/\",\"name\":\"Mentions l\u00e9gales - Kasbah d&#039;Agadir Oufella\",\"isPartOf\":{\"@id\":\"https:\/\/www.agadir-oufella.ma\/fr\/#website\"},\"datePublished\":\"2022-07-22T10:06:46+00:00\",\"dateModified\":\"2024-02-02T15:08:21+00:00\",\"breadcrumb\":{\"@id\":\"https:\/\/www.agadir-oufella.ma\/fr\/mentions-legales\/#breadcrumb\"},\"inLanguage\":\"fr-FR\",\"potentialAction\":[{\"@type\":\"ReadAction\",\"target\":[\"https:\/\/www.agadir-oufella.ma\/fr\/mentions-legales\/\"]}]},{\"@type\":\"BreadcrumbList\",\"@id\":\"https:\/\/www.agadir-oufella.ma\/fr\/mentions-legales\/#breadcrumb\",\"itemListElement\":[{\"@type\":\"ListItem\",\"position\":1,\"name\":\"Accueil\",\"item\":\"https:\/\/www.agadir-oufella.ma\/fr\/\"},{\"@type\":\"ListItem\",\"position\":2,\"name\":\"Mentions l\u00e9gales\"}]},{\"@type\":\"WebSite\",\"@id\":\"https:\/\/www.agadir-oufella.ma\/fr\/#website\",\"url\":\"https:\/\/www.agadir-oufella.ma\/fr\/\",\"name\":\"Kasbah d&#039;Agadir Oufella\",\"description\":\"\",\"publisher\":{\"@id\":\"https:\/\/www.agadir-oufella.ma\/fr\/#organization\"},\"potentialAction\":[{\"@type\":\"SearchAction\",\"target\":{\"@type\":\"EntryPoint\",\"urlTemplate\":\"https:\/\/www.agadir-oufella.ma\/fr\/?s={search_term_string}\"},\"query-input\":{\"@type\":\"PropertyValueSpecification\",\"valueRequired\":true,\"valueName\":\"search_term_string\"}}],\"inLanguage\":\"fr-FR\"},{\"@type\":\"Organization\",\"@id\":\"https:\/\/www.agadir-oufella.ma\/fr\/#organization\",\"name\":\"Kasbah d&#039;Agadir Oufella\",\"url\":\"https:\/\/www.agadir-oufella.ma\/fr\/\",\"logo\":{\"@type\":\"ImageObject\",\"inLanguage\":\"fr-FR\",\"@id\":\"https:\/\/www.agadir-oufella.ma\/fr\/#\/schema\/logo\/image\/\",\"url\":\"https:\/\/www.agadir-oufella.ma\/wp-content\/uploads\/2023\/09\/LOGOAGOF.svg\",\"contentUrl\":\"https:\/\/www.agadir-oufella.ma\/wp-content\/uploads\/2023\/09\/LOGOAGOF.svg\",\"width\":150,\"height\":150,\"caption\":\"Kasbah d&#039;Agadir Oufella\"},\"image\":{\"@id\":\"https:\/\/www.agadir-oufella.ma\/fr\/#\/schema\/logo\/image\/\"}}]}<\/script>\n<!-- \/ Yoast SEO plugin. -->","yoast_head_json":{"title":"Mentions l\u00e9gales - Kasbah d&#039;Agadir Oufella","robots":{"index":"index","follow":"follow","max-snippet":"max-snippet:-1","max-image-preview":"max-image-preview:large","max-video-preview":"max-video-preview:-1"},"canonical":"https:\/\/www.agadir-oufella.ma\/fr\/mentions-legales\/","og_locale":"fr_FR","og_type":"article","og_title":"Mentions l\u00e9gales - Kasbah d&#039;Agadir Oufella","og_url":"https:\/\/www.agadir-oufella.ma\/fr\/mentions-legales\/","og_site_name":"Kasbah d&#039;Agadir Oufella","article_modified_time":"2024-02-02T15:08:21+00:00","twitter_card":"summary_large_image","schema":{"@context":"https:\/\/schema.org","@graph":[{"@type":"WebPage","@id":"https:\/\/www.agadir-oufella.ma\/fr\/mentions-legales\/","url":"https:\/\/www.agadir-oufella.ma\/fr\/mentions-legales\/","name":"Mentions l\u00e9gales - Kasbah d&#039;Agadir Oufella","isPartOf":{"@id":"https:\/\/www.agadir-oufella.ma\/fr\/#website"},"datePublished":"2022-07-22T10:06:46+00:00","dateModified":"2024-02-02T15:08:21+00:00","breadcrumb":{"@id":"https:\/\/www.agadir-oufella.ma\/fr\/mentions-legales\/#breadcrumb"},"inLanguage":"fr-FR","potentialAction":[{"@type":"ReadAction","target":["https:\/\/www.agadir-oufella.ma\/fr\/mentions-legales\/"]}]},{"@type":"BreadcrumbList","@id":"https:\/\/www.agadir-oufella.ma\/fr\/mentions-legales\/#breadcrumb","itemListElement":[{"@type":"ListItem","position":1,"name":"Accueil","item":"https:\/\/www.agadir-oufella.ma\/fr\/"},{"@type":"ListItem","position":2,"name":"Mentions l\u00e9gales"}]},{"@type":"WebSite","@id":"https:\/\/www.agadir-oufella.ma\/fr\/#website","url":"https:\/\/www.agadir-oufella.ma\/fr\/","name":"Kasbah d&#039;Agadir Oufella","description":"","publisher":{"@id":"https:\/\/www.agadir-oufella.ma\/fr\/#organization"},"potentialAction":[{"@type":"SearchAction","target":{"@type":"EntryPoint","urlTemplate":"https:\/\/www.agadir-oufella.ma\/fr\/?s={search_term_string}"},"query-input":{"@type":"PropertyValueSpecification","valueRequired":true,"valueName":"search_term_string"}}],"inLanguage":"fr-FR"},{"@type":"Organization","@id":"https:\/\/www.agadir-oufella.ma\/fr\/#organization","name":"Kasbah d&#039;Agadir Oufella","url":"https:\/\/www.agadir-oufella.ma\/fr\/","logo":{"@type":"ImageObject","inLanguage":"fr-FR","@id":"https:\/\/www.agadir-oufella.ma\/fr\/#\/schema\/logo\/image\/","url":"https:\/\/www.agadir-oufella.ma\/wp-content\/uploads\/2023\/09\/LOGOAGOF.svg","contentUrl":"https:\/\/www.agadir-oufella.ma\/wp-content\/uploads\/2023\/09\/LOGOAGOF.svg","width":150,"height":150,"caption":"Kasbah d&#039;Agadir Oufella"},"image":{"@id":"https:\/\/www.agadir-oufella.ma\/fr\/#\/schema\/logo\/image\/"}}]}},"_links":{"self":[{"href":"https:\/\/www.agadir-oufella.ma\/fr\/wp-json\/wp\/v2\/pages\/82","targetHints":{"allow":["GET"]}}],"collection":[{"href":"https:\/\/www.agadir-oufella.ma\/fr\/wp-json\/wp\/v2\/pages"}],"about":[{"href":"https:\/\/www.agadir-oufella.ma\/fr\/wp-json\/wp\/v2\/types\/page"}],"author":[{"embeddable":true,"href":"https:\/\/www.agadir-oufella.ma\/fr\/wp-json\/wp\/v2\/users\/1"}],"replies":[{"embeddable":true,"href":"https:\/\/www.agadir-oufella.ma\/fr\/wp-json\/wp\/v2\/comments?post=82"}],"version-history":[{"count":10,"href":"https:\/\/www.agadir-oufella.ma\/fr\/wp-json\/wp\/v2\/pages\/82\/revisions"}],"predecessor-version":[{"id":10887,"href":"https:\/\/www.agadir-oufella.ma\/fr\/wp-json\/wp\/v2\/pages\/82\/revisions\/10887"}],"wp:attachment":[{"href":"https:\/\/www.agadir-oufella.ma\/fr\/wp-json\/wp\/v2\/media?parent=82"}],"curies":[{"name":"wp","href":"https:\/\/api.w.org\/{rel}","templated":true}]}}